{"id":3139,"date":"2024-06-17T15:48:30","date_gmt":"2024-06-17T18:48:30","guid":{"rendered":"https:\/\/mediumturquoise-llama-533337.hostingersite.com\/?page_id=3139"},"modified":"2024-06-17T15:54:36","modified_gmt":"2024-06-17T18:54:36","slug":"essen-hm-35-1","status":"publish","type":"page","link":"https:\/\/uniweld.com.br\/en\/essen-hm-35-1\/","title":{"rendered":"ESSEN HM 35-1"},"content":{"rendered":"<div data-elementor-type=\"wp-page\" data-elementor-id=\"3139\" class=\"elementor elementor-3139\" data-elementor-post-type=\"page\">\n\t\t\t\t\t\t\t\t\t<section class=\"elementor-section elementor-top-section elementor-element elementor-element-7ce025be elementor-section-boxed elementor-section-height-default elementor-section-height-default tf-sticky-section tf-sticky-no\" data-id=\"7ce025be\" data-element_type=\"section\" data-settings=\"{&quot;tf_sticky&quot;:&quot;no&quot;}\">\n\t\t\t\t\t\t<div class=\"elementor-container elementor-column-gap-default\">\n\t\t\t\t\t<div class=\"elementor-column elementor-col-100 elementor-top-column elementor-element elementor-element-46461e97\" data-id=\"46461e97\" data-element_type=\"column\">\n\t\t\t<div class=\"elementor-widget-wrap elementor-element-populated\">\n\t\t\t\t\t\t\t\t<div class=\"elementor-element elementor-element-40595e3c elementor-widget elementor-widget-text-editor\" data-id=\"40595e3c\" data-element_type=\"widget\" data-widget_type=\"text-editor.default\">\n\t\t\t\t<div class=\"elementor-widget-container\">\n\t\t\t<style>\/*! elementor - v3.14.0 - 26-06-2023 *\/\n.elementor-widget-text-editor.elementor-drop-cap-view-stacked .elementor-drop-cap{background-color:#69727d;color:#fff}.elementor-widget-text-editor.elementor-drop-cap-view-framed .elementor-drop-cap{color:#69727d;border:3px solid;background-color:transparent}.elementor-widget-text-editor:not(.elementor-drop-cap-view-default) .elementor-drop-cap{margin-top:8px}.elementor-widget-text-editor:not(.elementor-drop-cap-view-default) .elementor-drop-cap-letter{width:1em;height:1em}.elementor-widget-text-editor .elementor-drop-cap{float:left;text-align:center;line-height:1;font-size:50px}.elementor-widget-text-editor .elementor-drop-cap-letter{display:inline-block}<\/style>\t\t\t\t<p><!-- wp:heading --><\/p>\n<h2>ESSEN HM 35-1 &#8211; AWS 7018 &#8211; 1<\/h2>\n<p><!-- \/wp:heading --><!-- wp:paragraph --><\/p>\n<p>Eletrodo de baixo hidrog\u00eanio, para uni\u00e3o de alta responsabilidade. Com dep\u00f3sito de cord\u00f5es planos com um excelente acabamento livre de poros ou trincas, f\u00e1cil remo\u00e7\u00e3o de esc\u00f3ria.<\/p>\n<p><!-- \/wp:paragraph --><!-- wp:heading --><\/p>\n<h2>Datasheet<\/h2>\n<p>Clique <a href=\"https:\/\/uniweld.com.br\/wp-content\/uploads\/2024\/01\/Ficha-Tecnica-HM-35-1.pdf\"><strong>aqui<\/strong><\/a> para baixar a ficha t\u00e9cnica<\/p>\n<h2>Indica\u00e7\u00f5es<\/h2>\n<ul>\n<li>Caldeiraria em geral;<\/li>\n<li>Tubula\u00e7\u00f5es;<\/li>\n<li>Vasos de press\u00e3o;<\/li>\n<li>Constru\u00e7\u00f5es navais;<\/li>\n<li>A\u00e7os fundidos;<\/li>\n<li>A\u00e7os n\u00e3o ligados e de composi\u00e7\u00e3o desconhecida<\/li>\n<\/ul>\n<h2>Caracter\u00edstica<\/h2>\n<p><!-- \/wp:paragraph --><\/p>\t\t\t\t\t\t<\/div>\n\t\t\t\t<\/div>\n\t\t\t\t\t<\/div>\n\t\t<\/div>\n\t\t\t\t\t\t\t<\/div>\n\t\t<\/section>\n\t\t\t\t<section class=\"elementor-section elementor-top-section elementor-element elementor-element-e7d2be5 elementor-section-boxed elementor-section-height-default elementor-section-height-default tf-sticky-section tf-sticky-no\" data-id=\"e7d2be5\" data-element_type=\"section\" data-settings=\"{&quot;tf_sticky&quot;:&quot;no&quot;}\">\n\t\t\t\t\t\t<div class=\"elementor-container elementor-column-gap-default\">\n\t\t\t\t\t<div class=\"elementor-column elementor-col-100 elementor-top-column elementor-element elementor-element-a281fa1\" data-id=\"a281fa1\" data-element_type=\"column\">\n\t\t\t<div class=\"elementor-widget-wrap elementor-element-populated\">\n\t\t\t\t\t\t\t\t<div class=\"elementor-element elementor-element-9be8b5c elementor-widget elementor-widget-html\" data-id=\"9be8b5c\" data-element_type=\"widget\" data-widget_type=\"html.default\">\n\t\t\t\t<div class=\"elementor-widget-container\">\n\t\t\t<table class=\"rTable\" width: 100%;>\r\n        <thead>\r\n            <tr>\r\n                <th>DI\u00c2METRO (mm):<\/th>\r\n                <th>COMPRIMENTO (mm):<\/th>\r\n                <th>AMPERAGEM (A) :<\/th>\r\n                <th>EMBALAGEM (kg):<\/th>\r\n            <\/tr>\r\n        <\/thead>\r\n\r\n        <tbody>\r\n            <tr>\r\n                <td>2,50<\/td>\r\n                <td>350<\/td>\r\n                <td>70 a 95<\/td>\r\n                <td>15,00<\/td>\r\n            <\/tr>\r\n\r\n            <tr>\r\n                <td>3,25<\/td>\r\n                <td>350<\/td>\r\n                <td>100 a 130<\/td>\r\n                <td>15,00<\/td>\r\n            <\/tr>\r\n            <tr>\r\n                <td>4,00<\/td>\r\n                <td>450<\/td>\r\n                <td>140 a 170<\/td>\r\n                <td>25,00<\/td>\r\n            <\/tr>\r\n<tr>\r\n                <td>5,00<\/td>\r\n                <td>450<\/td>\r\n                <td>180 a 220<\/td>\r\n                <td>25,00<\/td>\r\n            <\/tr>\r\n            \r\n            <tr>\r\n                <td>6,00<\/td>\r\n                <td>450<\/td>\r\n                <td>220 a 260<\/td>\r\n                <td>25,00<\/td>\r\n            <\/tr>\r\n\r\n        <\/tbody>\r\n    <\/table>\t\t<\/div>\n\t\t\t\t<\/div>\n\t\t\t\t\t<\/div>\n\t\t<\/div>\n\t\t\t\t\t\t\t<\/div>\n\t\t<\/section>\n\t\t\t\t\t\t\t<\/div>","protected":false},"excerpt":{"rendered":"<p>ESSEN HM 35-1 &#8211; AWS 7018 &#8211; 1 Eletrodo de baixo hidrog\u00eanio, para uni\u00e3o de alta responsabilidade. Com dep\u00f3sito de cord\u00f5es planos com um excelente acabamento livre de poros ou trincas, f\u00e1cil remo\u00e7\u00e3o de esc\u00f3ria. Ficha T\u00e9cnica Clique aqui para baixar a ficha t\u00e9cnica Indica\u00e7\u00f5es Caldeiraria em geral; Tubula\u00e7\u00f5es; Vasos de press\u00e3o; Constru\u00e7\u00f5es navais; A\u00e7os [&hellip;]<\/p>","protected":false},"author":1,"featured_media":0,"parent":0,"menu_order":0,"comment_status":"closed","ping_status":"closed","template":"","meta":{"om_disable_all_campaigns":false,"_monsterinsights_skip_tracking":false,"_monsterinsights_sitenote_active":false,"_monsterinsights_sitenote_note":"","_monsterinsights_sitenote_category":0,"footnotes":""},"class_list":["post-3139","page","type-page","status-publish","hentry"],"yoast_head":"<!-- This site is optimized with the Yoast SEO Premium plugin v19.1 (Yoast SEO v20.11) - https:\/\/yoast.com\/wordpress\/plugins\/seo\/ -->\n<title>ESSEN HM 35-1 - Uniweld<\/title>\n<meta name=\"robots\" content=\"index, follow, max-snippet:-1, max-image-preview:large, max-video-preview:-1\" \/>\n<link rel=\"canonical\" href=\"https:\/\/uniweld.com.br\/en\/essen-hm-35-1\/\" \/>\n<meta property=\"og:locale\" content=\"en_US\" \/>\n<meta property=\"og:type\" content=\"article\" \/>\n<meta property=\"og:title\" content=\"ESSEN HM 35-1\" \/>\n<meta property=\"og:description\" content=\"ESSEN HM 35-1 &#8211; AWS 7018 &#8211; 1 Eletrodo de baixo hidrog\u00eanio, para uni\u00e3o de alta responsabilidade. Com dep\u00f3sito de cord\u00f5es planos com um excelente acabamento livre de poros ou trincas, f\u00e1cil remo\u00e7\u00e3o de esc\u00f3ria. Ficha T\u00e9cnica Clique aqui para baixar a ficha t\u00e9cnica Indica\u00e7\u00f5es Caldeiraria em geral; Tubula\u00e7\u00f5es; Vasos de press\u00e3o; Constru\u00e7\u00f5es navais; A\u00e7os [&hellip;]\" \/>\n<meta property=\"og:url\" content=\"https:\/\/uniweld.com.br\/en\/essen-hm-35-1\/\" \/>\n<meta property=\"og:site_name\" content=\"Uniweld\" \/>\n<meta property=\"article:publisher\" content=\"https:\/\/www.facebook.com\/uniweldeletrodos\" \/>\n<meta property=\"article:modified_time\" content=\"2024-06-17T18:54:36+00:00\" \/>\n<meta name=\"twitter:card\" content=\"summary_large_image\" \/>\n<meta name=\"twitter:label1\" content=\"Est. reading time\" \/>\n\t<meta name=\"twitter:data1\" content=\"1 minute\" \/>\n<script type=\"application\/ld+json\" class=\"yoast-schema-graph\">{\"@context\":\"https:\/\/schema.org\",\"@graph\":[{\"@type\":\"WebPage\",\"@id\":\"https:\/\/uniweld.com.br\/pt\/essen-hm-35-1\/\",\"url\":\"https:\/\/uniweld.com.br\/pt\/essen-hm-35-1\/\",\"name\":\"ESSEN HM 35-1 - Uniweld\",\"isPartOf\":{\"@id\":\"https:\/\/uniweld.com.br\/pt\/#website\"},\"datePublished\":\"2024-06-17T18:48:30+00:00\",\"dateModified\":\"2024-06-17T18:54:36+00:00\",\"breadcrumb\":{\"@id\":\"https:\/\/uniweld.com.br\/pt\/essen-hm-35-1\/#breadcrumb\"},\"inLanguage\":\"en-US\",\"potentialAction\":[{\"@type\":\"ReadAction\",\"target\":[\"https:\/\/uniweld.com.br\/pt\/essen-hm-35-1\/\"]}]},{\"@type\":\"BreadcrumbList\",\"@id\":\"https:\/\/uniweld.com.br\/pt\/essen-hm-35-1\/#breadcrumb\",\"itemListElement\":[{\"@type\":\"ListItem\",\"position\":1,\"name\":\"In\u00edcio\",\"item\":\"https:\/\/uniweld.com.br\/\"},{\"@type\":\"ListItem\",\"position\":2,\"name\":\"ESSEN HM 35-1\"}]},{\"@type\":\"WebSite\",\"@id\":\"https:\/\/uniweld.com.br\/pt\/#website\",\"url\":\"https:\/\/uniweld.com.br\/pt\/\",\"name\":\"Uniweld\",\"description\":\"Industria e Fabricante de Eletrodos e Arames Tubulares\",\"potentialAction\":[{\"@type\":\"SearchAction\",\"target\":{\"@type\":\"EntryPoint\",\"urlTemplate\":\"https:\/\/uniweld.com.br\/pt\/?s={search_term_string}\"},\"query-input\":\"required name=search_term_string\"}],\"inLanguage\":\"en-US\"}]}<\/script>\n<!-- \/ Yoast SEO Premium plugin. -->","yoast_head_json":{"title":"ESSEN HM 35-1 - Uniweld","robots":{"index":"index","follow":"follow","max-snippet":"max-snippet:-1","max-image-preview":"max-image-preview:large","max-video-preview":"max-video-preview:-1"},"canonical":"https:\/\/uniweld.com.br\/en\/essen-hm-35-1\/","og_locale":"en_US","og_type":"article","og_title":"ESSEN HM 35-1","og_description":"ESSEN HM 35-1 &#8211; AWS 7018 &#8211; 1 Eletrodo de baixo hidrog\u00eanio, para uni\u00e3o de alta responsabilidade. Com dep\u00f3sito de cord\u00f5es planos com um excelente acabamento livre de poros ou trincas, f\u00e1cil remo\u00e7\u00e3o de esc\u00f3ria. Ficha T\u00e9cnica Clique aqui para baixar a ficha t\u00e9cnica Indica\u00e7\u00f5es Caldeiraria em geral; Tubula\u00e7\u00f5es; Vasos de press\u00e3o; Constru\u00e7\u00f5es navais; A\u00e7os [&hellip;]","og_url":"https:\/\/uniweld.com.br\/en\/essen-hm-35-1\/","og_site_name":"Uniweld","article_publisher":"https:\/\/www.facebook.com\/uniweldeletrodos","article_modified_time":"2024-06-17T18:54:36+00:00","twitter_card":"summary_large_image","twitter_misc":{"Est. reading time":"1 minute"},"schema":{"@context":"https:\/\/schema.org","@graph":[{"@type":"WebPage","@id":"https:\/\/uniweld.com.br\/pt\/essen-hm-35-1\/","url":"https:\/\/uniweld.com.br\/pt\/essen-hm-35-1\/","name":"ESSEN HM 35-1 - Uniweld","isPartOf":{"@id":"https:\/\/uniweld.com.br\/pt\/#website"},"datePublished":"2024-06-17T18:48:30+00:00","dateModified":"2024-06-17T18:54:36+00:00","breadcrumb":{"@id":"https:\/\/uniweld.com.br\/pt\/essen-hm-35-1\/#breadcrumb"},"inLanguage":"en-US","potentialAction":[{"@type":"ReadAction","target":["https:\/\/uniweld.com.br\/pt\/essen-hm-35-1\/"]}]},{"@type":"BreadcrumbList","@id":"https:\/\/uniweld.com.br\/pt\/essen-hm-35-1\/#breadcrumb","itemListElement":[{"@type":"ListItem","position":1,"name":"In\u00edcio","item":"https:\/\/uniweld.com.br\/"},{"@type":"ListItem","position":2,"name":"ESSEN HM 35-1"}]},{"@type":"WebSite","@id":"https:\/\/uniweld.com.br\/pt\/#website","url":"https:\/\/uniweld.com.br\/pt\/","name":"Uniweld","description":"Industria e Fabricante de Eletrodos e Arames Tubulares","potentialAction":[{"@type":"SearchAction","target":{"@type":"EntryPoint","urlTemplate":"https:\/\/uniweld.com.br\/pt\/?s={search_term_string}"},"query-input":"required name=search_term_string"}],"inLanguage":"en-US"}]}},"_links":{"self":[{"href":"https:\/\/uniweld.com.br\/en\/wp-json\/wp\/v2\/pages\/3139","targetHints":{"allow":["GET"]}}],"collection":[{"href":"https:\/\/uniweld.com.br\/en\/wp-json\/wp\/v2\/pages"}],"about":[{"href":"https:\/\/uniweld.com.br\/en\/wp-json\/wp\/v2\/types\/page"}],"author":[{"embeddable":true,"href":"https:\/\/uniweld.com.br\/en\/wp-json\/wp\/v2\/users\/1"}],"replies":[{"embeddable":true,"href":"https:\/\/uniweld.com.br\/en\/wp-json\/wp\/v2\/comments?post=3139"}],"version-history":[{"count":5,"href":"https:\/\/uniweld.com.br\/en\/wp-json\/wp\/v2\/pages\/3139\/revisions"}],"predecessor-version":[{"id":3144,"href":"https:\/\/uniweld.com.br\/en\/wp-json\/wp\/v2\/pages\/3139\/revisions\/3144"}],"wp:attachment":[{"href":"https:\/\/uniweld.com.br\/en\/wp-json\/wp\/v2\/media?parent=3139"}],"curies":[{"name":"wp","href":"https:\/\/api.w.org\/{rel}","templated":true}]}}