{"id":3207,"date":"2024-06-18T09:35:28","date_gmt":"2024-06-18T12:35:28","guid":{"rendered":"https:\/\/mediumturquoise-llama-533337.hostingersite.com\/?page_id=3207"},"modified":"2024-06-18T09:40:33","modified_gmt":"2024-06-18T12:40:33","slug":"essen-cn-34-s-ti","status":"publish","type":"page","link":"https:\/\/uniweld.com.br\/en\/essen-cn-34-s-ti\/","title":{"rendered":"ESSEN CN 34 S TI"},"content":{"rendered":"<div data-elementor-type=\"wp-page\" data-elementor-id=\"3207\" class=\"elementor elementor-3207\" data-elementor-post-type=\"page\">\n\t\t\t\t\t\t\t\t\t<section class=\"elementor-section elementor-top-section elementor-element elementor-element-7ce025be elementor-section-boxed elementor-section-height-default elementor-section-height-default tf-sticky-section tf-sticky-no\" data-id=\"7ce025be\" data-element_type=\"section\" data-settings=\"{&quot;tf_sticky&quot;:&quot;no&quot;}\">\n\t\t\t\t\t\t<div class=\"elementor-container elementor-column-gap-default\">\n\t\t\t\t\t<div class=\"elementor-column elementor-col-100 elementor-top-column elementor-element elementor-element-46461e97\" data-id=\"46461e97\" data-element_type=\"column\">\n\t\t\t<div class=\"elementor-widget-wrap elementor-element-populated\">\n\t\t\t\t\t\t\t\t<div class=\"elementor-element elementor-element-40595e3c elementor-widget elementor-widget-text-editor\" data-id=\"40595e3c\" data-element_type=\"widget\" data-widget_type=\"text-editor.default\">\n\t\t\t\t<div class=\"elementor-widget-container\">\n\t\t\t<style>\/*! elementor - v3.14.0 - 26-06-2023 *\/\n.elementor-widget-text-editor.elementor-drop-cap-view-stacked .elementor-drop-cap{background-color:#69727d;color:#fff}.elementor-widget-text-editor.elementor-drop-cap-view-framed .elementor-drop-cap{color:#69727d;border:3px solid;background-color:transparent}.elementor-widget-text-editor:not(.elementor-drop-cap-view-default) .elementor-drop-cap{margin-top:8px}.elementor-widget-text-editor:not(.elementor-drop-cap-view-default) .elementor-drop-cap-letter{width:1em;height:1em}.elementor-widget-text-editor .elementor-drop-cap{float:left;text-align:center;line-height:1;font-size:50px}.elementor-widget-text-editor .elementor-drop-cap-letter{display:inline-block}<\/style>\t\t\t\t<p><!-- wp:heading --><\/p>\n<h2>ESSEN CN 34 S TI &#8211; AWS E 347-16<\/h2>\n<p><!-- \/wp:heading --><!-- wp:paragraph --><\/p>\n<p>Eletrodo recomendado para a soldagem de a\u00e7os tipo AISI 321 e ligas de composi\u00e7\u00e3o similar, estabilizadas com ni\u00f3bio. Este eletrodo \u00e9 adequado para dep\u00f3sitos em materiais-base do mesmo tipo, sendo resistente \u00e0 degrada\u00e7\u00e3o dos gr\u00e3os e n\u00e3o requer resfriamento brusco ap\u00f3s a soldagem. Caracterizado por um dep\u00f3sito resistente \u00e0 corros\u00e3o intergranular, apresenta bom aspecto do cord\u00e3o, f\u00e1cil remo\u00e7\u00e3o da esc\u00f3ria e proporciona um bom rendimento com alto \u00edndice de deposi\u00e7\u00e3o.<\/p>\n<p><!-- \/wp:paragraph --><!-- wp:heading --><\/p>\n<h2>Datasheet<\/h2>\n<p>Clique <a href=\"https:\/\/uniweld.com.br\/wp-content\/uploads\/2024\/01\/Ficha-Tecnica-ESSEN-CN-34-S-TI.pdf\"><strong>aqui<\/strong><\/a> para baixar a ficha t\u00e9cnica<\/p>\n<h2>Indica\u00e7\u00f5es<\/h2>\n<ul>\n<li>Soldagem e constru\u00e7\u00e3o de equipamentos;<\/li>\n<li>Ind\u00fastria qu\u00edmica;<\/li>\n<li>Ind\u00fastria t\u00eaxtil;<\/li>\n<li>Ind\u00fastria celulose;<\/li>\n<li>Ind\u00fastria tinturarias;<\/li>\n<\/ul>\n<h2>Caracter\u00edstica<\/h2>\n<p><!-- \/wp:paragraph --><\/p>\t\t\t\t\t\t<\/div>\n\t\t\t\t<\/div>\n\t\t\t\t\t<\/div>\n\t\t<\/div>\n\t\t\t\t\t\t\t<\/div>\n\t\t<\/section>\n\t\t\t\t<section class=\"elementor-section elementor-top-section elementor-element elementor-element-e7d2be5 elementor-section-boxed elementor-section-height-default elementor-section-height-default tf-sticky-section tf-sticky-no\" data-id=\"e7d2be5\" data-element_type=\"section\" data-settings=\"{&quot;tf_sticky&quot;:&quot;no&quot;}\">\n\t\t\t\t\t\t<div class=\"elementor-container elementor-column-gap-default\">\n\t\t\t\t\t<div class=\"elementor-column elementor-col-100 elementor-top-column elementor-element elementor-element-a281fa1\" data-id=\"a281fa1\" data-element_type=\"column\">\n\t\t\t<div class=\"elementor-widget-wrap elementor-element-populated\">\n\t\t\t\t\t\t\t\t<div class=\"elementor-element elementor-element-9be8b5c elementor-widget elementor-widget-html\" data-id=\"9be8b5c\" data-element_type=\"widget\" data-widget_type=\"html.default\">\n\t\t\t\t<div class=\"elementor-widget-container\">\n\t\t\t<table class=\"rTable\" width: 100%;>\r\n        <thead>\r\n            <tr>\r\n                <th>DI\u00c2METRO (mm):<\/th>\r\n                <th>COMPRIMENTO (mm):<\/th>\r\n                <th>AMPERAGEM (A) :<\/th>\r\n                <th>EMBALAGEM (kg):<\/th>\r\n            <\/tr>\r\n        <\/thead>\r\n\r\n        <tbody>\r\n            <tr>\r\n                <td>2,50<\/td>\r\n                <td>300<\/td>\r\n                <td>65 a 80<\/td>\r\n                <td>5,00<\/td>\r\n            <\/tr>\r\n\r\n            <tr>\r\n                <td>3,25<\/td>\r\n                <td>350<\/td>\r\n                <td>85 a 110<\/td>\r\n                <td>5,00<\/td>\r\n            <\/tr>\r\n            <tr>\r\n                <td>4,00<\/td>\r\n                <td>350<\/td>\r\n                <td>115 a 140<\/td>\r\n                <td>5,00<\/td>\r\n            <\/tr>\r\n\r\n\r\n        <\/tbody>\r\n    <\/table>\t\t<\/div>\n\t\t\t\t<\/div>\n\t\t\t\t\t<\/div>\n\t\t<\/div>\n\t\t\t\t\t\t\t<\/div>\n\t\t<\/section>\n\t\t\t\t\t\t\t<\/div>","protected":false},"excerpt":{"rendered":"<p>ESSEN CN 34 S TI &#8211; AWS E 347-16 Eletrodo recomendado para a soldagem de a\u00e7os tipo AISI 321 e ligas de composi\u00e7\u00e3o similar, estabilizadas com ni\u00f3bio. Este eletrodo \u00e9 adequado para dep\u00f3sitos em materiais-base do mesmo tipo, sendo resistente \u00e0 degrada\u00e7\u00e3o dos gr\u00e3os e n\u00e3o requer resfriamento brusco ap\u00f3s a soldagem. Caracterizado por um [&hellip;]<\/p>","protected":false},"author":1,"featured_media":0,"parent":0,"menu_order":0,"comment_status":"closed","ping_status":"closed","template":"","meta":{"om_disable_all_campaigns":false,"_monsterinsights_skip_tracking":false,"_monsterinsights_sitenote_active":false,"_monsterinsights_sitenote_note":"","_monsterinsights_sitenote_category":0,"footnotes":""},"class_list":["post-3207","page","type-page","status-publish","hentry"],"yoast_head":"<!-- This site is optimized with the Yoast SEO Premium plugin v19.1 (Yoast SEO v20.11) - https:\/\/yoast.com\/wordpress\/plugins\/seo\/ -->\n<title>ESSEN CN 34 S TI - Uniweld<\/title>\n<meta name=\"robots\" content=\"index, follow, max-snippet:-1, max-image-preview:large, max-video-preview:-1\" \/>\n<link rel=\"canonical\" href=\"https:\/\/uniweld.com.br\/en\/essen-cn-34-s-ti\/\" \/>\n<meta property=\"og:locale\" content=\"en_US\" \/>\n<meta property=\"og:type\" content=\"article\" \/>\n<meta property=\"og:title\" content=\"ESSEN CN 34 S TI\" \/>\n<meta property=\"og:description\" content=\"ESSEN CN 34 S TI &#8211; AWS E 347-16 Eletrodo recomendado para a soldagem de a\u00e7os tipo AISI 321 e ligas de composi\u00e7\u00e3o similar, estabilizadas com ni\u00f3bio. Este eletrodo \u00e9 adequado para dep\u00f3sitos em materiais-base do mesmo tipo, sendo resistente \u00e0 degrada\u00e7\u00e3o dos gr\u00e3os e n\u00e3o requer resfriamento brusco ap\u00f3s a soldagem. Caracterizado por um [&hellip;]\" \/>\n<meta property=\"og:url\" content=\"https:\/\/uniweld.com.br\/en\/essen-cn-34-s-ti\/\" \/>\n<meta property=\"og:site_name\" content=\"Uniweld\" \/>\n<meta property=\"article:publisher\" content=\"https:\/\/www.facebook.com\/uniweldeletrodos\" \/>\n<meta property=\"article:modified_time\" content=\"2024-06-18T12:40:33+00:00\" \/>\n<meta name=\"twitter:card\" content=\"summary_large_image\" \/>\n<meta name=\"twitter:label1\" content=\"Est. reading time\" \/>\n\t<meta name=\"twitter:data1\" content=\"1 minute\" \/>\n<script type=\"application\/ld+json\" class=\"yoast-schema-graph\">{\"@context\":\"https:\/\/schema.org\",\"@graph\":[{\"@type\":\"WebPage\",\"@id\":\"https:\/\/uniweld.com.br\/en\/essen-cn-34-s-ti\/\",\"url\":\"https:\/\/uniweld.com.br\/en\/essen-cn-34-s-ti\/\",\"name\":\"ESSEN CN 34 S TI - Uniweld\",\"isPartOf\":{\"@id\":\"https:\/\/uniweld.com.br\/pt\/#website\"},\"datePublished\":\"2024-06-18T12:35:28+00:00\",\"dateModified\":\"2024-06-18T12:40:33+00:00\",\"breadcrumb\":{\"@id\":\"https:\/\/uniweld.com.br\/en\/essen-cn-34-s-ti\/#breadcrumb\"},\"inLanguage\":\"en-US\",\"potentialAction\":[{\"@type\":\"ReadAction\",\"target\":[\"https:\/\/uniweld.com.br\/en\/essen-cn-34-s-ti\/\"]}]},{\"@type\":\"BreadcrumbList\",\"@id\":\"https:\/\/uniweld.com.br\/en\/essen-cn-34-s-ti\/#breadcrumb\",\"itemListElement\":[{\"@type\":\"ListItem\",\"position\":1,\"name\":\"In\u00edcio\",\"item\":\"https:\/\/uniweld.com.br\/\"},{\"@type\":\"ListItem\",\"position\":2,\"name\":\"ESSEN CN 34 S TI\"}]},{\"@type\":\"WebSite\",\"@id\":\"https:\/\/uniweld.com.br\/pt\/#website\",\"url\":\"https:\/\/uniweld.com.br\/pt\/\",\"name\":\"Uniweld\",\"description\":\"Industria e Fabricante de Eletrodos e Arames Tubulares\",\"potentialAction\":[{\"@type\":\"SearchAction\",\"target\":{\"@type\":\"EntryPoint\",\"urlTemplate\":\"https:\/\/uniweld.com.br\/pt\/?s={search_term_string}\"},\"query-input\":\"required name=search_term_string\"}],\"inLanguage\":\"en-US\"}]}<\/script>\n<!-- \/ Yoast SEO Premium plugin. -->","yoast_head_json":{"title":"ESSEN CN 34 S TI - Uniweld","robots":{"index":"index","follow":"follow","max-snippet":"max-snippet:-1","max-image-preview":"max-image-preview:large","max-video-preview":"max-video-preview:-1"},"canonical":"https:\/\/uniweld.com.br\/en\/essen-cn-34-s-ti\/","og_locale":"en_US","og_type":"article","og_title":"ESSEN CN 34 S TI","og_description":"ESSEN CN 34 S TI &#8211; AWS E 347-16 Eletrodo recomendado para a soldagem de a\u00e7os tipo AISI 321 e ligas de composi\u00e7\u00e3o similar, estabilizadas com ni\u00f3bio. Este eletrodo \u00e9 adequado para dep\u00f3sitos em materiais-base do mesmo tipo, sendo resistente \u00e0 degrada\u00e7\u00e3o dos gr\u00e3os e n\u00e3o requer resfriamento brusco ap\u00f3s a soldagem. Caracterizado por um [&hellip;]","og_url":"https:\/\/uniweld.com.br\/en\/essen-cn-34-s-ti\/","og_site_name":"Uniweld","article_publisher":"https:\/\/www.facebook.com\/uniweldeletrodos","article_modified_time":"2024-06-18T12:40:33+00:00","twitter_card":"summary_large_image","twitter_misc":{"Est. reading time":"1 minute"},"schema":{"@context":"https:\/\/schema.org","@graph":[{"@type":"WebPage","@id":"https:\/\/uniweld.com.br\/en\/essen-cn-34-s-ti\/","url":"https:\/\/uniweld.com.br\/en\/essen-cn-34-s-ti\/","name":"ESSEN CN 34 S TI - Uniweld","isPartOf":{"@id":"https:\/\/uniweld.com.br\/pt\/#website"},"datePublished":"2024-06-18T12:35:28+00:00","dateModified":"2024-06-18T12:40:33+00:00","breadcrumb":{"@id":"https:\/\/uniweld.com.br\/en\/essen-cn-34-s-ti\/#breadcrumb"},"inLanguage":"en-US","potentialAction":[{"@type":"ReadAction","target":["https:\/\/uniweld.com.br\/en\/essen-cn-34-s-ti\/"]}]},{"@type":"BreadcrumbList","@id":"https:\/\/uniweld.com.br\/en\/essen-cn-34-s-ti\/#breadcrumb","itemListElement":[{"@type":"ListItem","position":1,"name":"In\u00edcio","item":"https:\/\/uniweld.com.br\/"},{"@type":"ListItem","position":2,"name":"ESSEN CN 34 S TI"}]},{"@type":"WebSite","@id":"https:\/\/uniweld.com.br\/pt\/#website","url":"https:\/\/uniweld.com.br\/pt\/","name":"Uniweld","description":"Industria e Fabricante de Eletrodos e Arames Tubulares","potentialAction":[{"@type":"SearchAction","target":{"@type":"EntryPoint","urlTemplate":"https:\/\/uniweld.com.br\/pt\/?s={search_term_string}"},"query-input":"required name=search_term_string"}],"inLanguage":"en-US"}]}},"_links":{"self":[{"href":"https:\/\/uniweld.com.br\/en\/wp-json\/wp\/v2\/pages\/3207","targetHints":{"allow":["GET"]}}],"collection":[{"href":"https:\/\/uniweld.com.br\/en\/wp-json\/wp\/v2\/pages"}],"about":[{"href":"https:\/\/uniweld.com.br\/en\/wp-json\/wp\/v2\/types\/page"}],"author":[{"embeddable":true,"href":"https:\/\/uniweld.com.br\/en\/wp-json\/wp\/v2\/users\/1"}],"replies":[{"embeddable":true,"href":"https:\/\/uniweld.com.br\/en\/wp-json\/wp\/v2\/comments?post=3207"}],"version-history":[{"count":4,"href":"https:\/\/uniweld.com.br\/en\/wp-json\/wp\/v2\/pages\/3207\/revisions"}],"predecessor-version":[{"id":3211,"href":"https:\/\/uniweld.com.br\/en\/wp-json\/wp\/v2\/pages\/3207\/revisions\/3211"}],"wp:attachment":[{"href":"https:\/\/uniweld.com.br\/en\/wp-json\/wp\/v2\/media?parent=3207"}],"curies":[{"name":"wp","href":"https:\/\/api.w.org\/{rel}","templated":true}]}}