{"id":3350,"date":"2024-06-18T14:00:51","date_gmt":"2024-06-18T17:00:51","guid":{"rendered":"https:\/\/mediumturquoise-llama-533337.hostingersite.com\/?page_id=3350"},"modified":"2024-06-18T14:11:01","modified_gmt":"2024-06-18T17:11:01","slug":"essen-a2","status":"publish","type":"page","link":"https:\/\/uniweld.com.br\/es\/essen-a2\/","title":{"rendered":"ESSEN A2"},"content":{"rendered":"<div data-elementor-type=\"wp-page\" data-elementor-id=\"3350\" class=\"elementor elementor-3350\" data-elementor-post-type=\"page\">\n\t\t\t\t\t\t\t\t\t<section class=\"elementor-section elementor-top-section elementor-element elementor-element-7ce025be elementor-section-boxed elementor-section-height-default elementor-section-height-default tf-sticky-section tf-sticky-no\" data-id=\"7ce025be\" data-element_type=\"section\" data-settings=\"{&quot;tf_sticky&quot;:&quot;no&quot;}\">\n\t\t\t\t\t\t<div class=\"elementor-container elementor-column-gap-default\">\n\t\t\t\t\t<div class=\"elementor-column elementor-col-100 elementor-top-column elementor-element elementor-element-46461e97\" data-id=\"46461e97\" data-element_type=\"column\">\n\t\t\t<div class=\"elementor-widget-wrap elementor-element-populated\">\n\t\t\t\t\t\t\t\t<div class=\"elementor-element elementor-element-40595e3c elementor-widget elementor-widget-text-editor\" data-id=\"40595e3c\" data-element_type=\"widget\" data-widget_type=\"text-editor.default\">\n\t\t\t\t<div class=\"elementor-widget-container\">\n\t\t\t<style>\/*! elementor - v3.14.0 - 26-06-2023 *\/\n.elementor-widget-text-editor.elementor-drop-cap-view-stacked .elementor-drop-cap{background-color:#69727d;color:#fff}.elementor-widget-text-editor.elementor-drop-cap-view-framed .elementor-drop-cap{color:#69727d;border:3px solid;background-color:transparent}.elementor-widget-text-editor:not(.elementor-drop-cap-view-default) .elementor-drop-cap{margin-top:8px}.elementor-widget-text-editor:not(.elementor-drop-cap-view-default) .elementor-drop-cap-letter{width:1em;height:1em}.elementor-widget-text-editor .elementor-drop-cap{float:left;text-align:center;line-height:1;font-size:50px}.elementor-widget-text-editor .elementor-drop-cap-letter{display:inline-block}<\/style>\t\t\t\t<p><!-- wp:heading --><\/p>\n<h2>ESSEN A2 &#8211; AWS ER 4047<\/h2>\n<p><!-- \/wp:heading --><!-- wp:paragraph --><\/p>\n<p>Este material, dispon\u00edvel em forma de vareta ou arame, \u00e9 especialmente desenvolvido para processos de soldagem como TIG, MIG e oxiacetil\u00eanica, destinado \u00e0 soldagem de alum\u00ednio e suas ligas em uma variedade de aplica\u00e7\u00f5es. Com base nas ligas de alum\u00ednio 3003 e 6061, este arame ou vareta destaca-se por sua alta efic\u00e1cia na<br \/>soldagem e brasagem de diversas ligas de alum\u00ednio. A presen\u00e7a significativa de sil\u00edcio no material proporciona uma po\u00e7a de fus\u00e3o mais flu\u00edda, resultando em maior rendimento na soldabilidade. A caracter\u00edstica not\u00e1vel de fluidez e penetra\u00e7\u00e3o do material contribui para um desempenho excelente durante o processo de soldagem. Cabe ressaltar que este material n\u00e3o \u00e9 recomendado para aplica\u00e7\u00f5es em pe\u00e7as que passar\u00e3o por anodiza\u00e7\u00e3o posterior, sendo importante considerar esse aspecto ao selecionar o material para garantir<br \/>a qualidade final do produto soldado.<\/p>\n<p><!-- \/wp:paragraph --><!-- wp:heading --><\/p>\n<h2>Ficha t\u00e9cnica<\/h2>\n<p>Clique <strong><a href=\"https:\/\/uniweld.com.br\/wp-content\/uploads\/2024\/01\/Ficha-Tecnica-ESSEN-A2.pdf\">aqui <\/a><\/strong>para baixar a ficha t\u00e9cnica<\/p>\n<h2>Indica\u00e7\u00f5es<\/h2>\n<ul>\n<li>Fabrica\u00e7\u00e3o de pe\u00e7as para equipamentos para processamento e manuseio de alimentos;<\/li>\n<li>Botes para navega\u00e7\u00e3o;<\/li>\n<li>Silos;<\/li>\n<li>Carrocerias de \u00f4nibus e furg\u00f5es;<\/li>\n<li>Utens\u00edlios dom\u00e9sticos;<\/li>\n<li>Tanques e tambores;<\/li>\n<li>Tubos;<\/li>\n<li>Conex\u00f5es;<\/li>\n<li>Equipamentos ferrovi\u00e1rios;<\/li>\n<li>Vag\u00f5es;<\/li>\n<li>Ind\u00fastria qu\u00edmica;<\/li>\n<li>Ind\u00fastria petroqu\u00edmica;<\/li>\n<li>Ind\u00fastria aeron\u00e1utica;<\/li>\n<li>Ind\u00fastria automotiva;<\/li>\n<li>Ind\u00fastria aliment\u00edcia;<\/li>\n<li>Caldeiraria.<\/li>\n<\/ul>\n<h2>Caracter\u00edstica<\/h2>\n<p><!-- \/wp:paragraph --><\/p>\t\t\t\t\t\t<\/div>\n\t\t\t\t<\/div>\n\t\t\t\t\t<\/div>\n\t\t<\/div>\n\t\t\t\t\t\t\t<\/div>\n\t\t<\/section>\n\t\t\t\t<section class=\"elementor-section elementor-top-section elementor-element elementor-element-e7d2be5 elementor-section-boxed elementor-section-height-default elementor-section-height-default tf-sticky-section tf-sticky-no\" data-id=\"e7d2be5\" data-element_type=\"section\" data-settings=\"{&quot;tf_sticky&quot;:&quot;no&quot;}\">\n\t\t\t\t\t\t<div class=\"elementor-container elementor-column-gap-default\">\n\t\t\t\t\t<div class=\"elementor-column elementor-col-100 elementor-top-column elementor-element elementor-element-a281fa1\" data-id=\"a281fa1\" data-element_type=\"column\">\n\t\t\t<div class=\"elementor-widget-wrap elementor-element-populated\">\n\t\t\t\t\t\t\t\t<div class=\"elementor-element elementor-element-9be8b5c elementor-widget elementor-widget-html\" data-id=\"9be8b5c\" data-element_type=\"widget\" data-widget_type=\"html.default\">\n\t\t\t\t<div class=\"elementor-widget-container\">\n\t\t\t<table class=\"rTable\" width: 100%;>\r\n        <thead>\r\n            <tr>\r\n                <th>DI\u00c2METRO (mm):<\/th>\r\n                <th>AMPERAGEM (A) :<\/th>\r\n                <th>TENS\u00c3O (V): <\/th>\r\n                <th>EMBALAGEM (kg):<\/th>\r\n            <\/tr>\r\n        <\/thead>\r\n\r\n        <tbody>\r\n            <tr>\r\n                <td>1,00<\/td>\r\n                <td>45 a 55<\/td>\r\n                <td>13 a 15<\/td>\r\n                <td>7,00<\/td>\r\n            <\/tr>\r\n\r\n            <tr>\r\n                <td>1,20<\/td>\r\n                <td>55 a 65<\/td>\r\n                <td>15 a 18<\/td>\r\n                <td>7,00<\/td>\r\n            <\/tr>\r\n            <tr>\r\n                <td>1,60<\/td>\r\n                <td>65 a 70<\/td>\r\n                <td>15 a 22<\/td>\r\n                <td>7,00<\/td>\r\n            <\/tr>\r\n        <\/tbody>\r\n    <\/table>\r\n    \r\n    <table class=\"rTable\" width: 100%;>\r\n        <thead>\r\n            <tr>\r\n                <th>DI\u00c2METRO (mm):<\/th>\r\n                <th>COMPRIMENTO (mm):<\/th>\r\n                <th>EMBALAGEM (kg):<\/th>\r\n                \r\n            <\/tr>\r\n        <\/thead>\r\n\r\n        <tbody>\r\n            <tr>\r\n                <td>1,60<\/td>\r\n                <td>1000<\/td>\r\n                <td>5,00<\/td>\r\n            <\/tr>\r\n\r\n            <tr>\r\n                <td>2,50<\/td>\r\n                <td>1000<\/td>\r\n                <td>5,00<\/td>\r\n            <\/tr>\r\n            <tr>\r\n                <td>3,25<\/td>\r\n                <td>1000<\/td>\r\n                <td>5,00<\/td>\r\n            <\/tr>\r\n                <tr>\r\n                <td>4,00<\/td>\r\n                <td>1000<\/td>\r\n                <td>5,00<\/td>\r\n            <\/tr>\r\n            <tr>\r\n                <td>5,00<\/td>\r\n                <td>1000<\/td>\r\n                <td>5,00<\/td>\r\n            <\/tr>\r\n            \r\n        <\/tbody>\r\n    <\/table>\t\t<\/div>\n\t\t\t\t<\/div>\n\t\t\t\t\t<\/div>\n\t\t<\/div>\n\t\t\t\t\t\t\t<\/div>\n\t\t<\/section>\n\t\t\t\t\t\t\t<\/div>","protected":false},"excerpt":{"rendered":"<p>ESSEN A2 &#8211; AWS ER 4047 Este material, dispon\u00edvel em forma de vareta ou arame, \u00e9 especialmente desenvolvido para processos de soldagem como TIG, MIG e oxiacetil\u00eanica, destinado \u00e0 soldagem de alum\u00ednio e suas ligas em uma variedade de aplica\u00e7\u00f5es. Com base nas ligas de alum\u00ednio 3003 e 6061, este arame ou vareta destaca-se por [&hellip;]<\/p>","protected":false},"author":1,"featured_media":0,"parent":0,"menu_order":0,"comment_status":"closed","ping_status":"closed","template":"","meta":{"om_disable_all_campaigns":false,"_monsterinsights_skip_tracking":false,"_monsterinsights_sitenote_active":false,"_monsterinsights_sitenote_note":"","_monsterinsights_sitenote_category":0,"footnotes":""},"class_list":["post-3350","page","type-page","status-publish","hentry"],"yoast_head":"<!-- This site is optimized with the Yoast SEO Premium plugin v19.1 (Yoast SEO v20.11) - https:\/\/yoast.com\/wordpress\/plugins\/seo\/ -->\n<title>ESSEN A2 - Uniweld<\/title>\n<meta name=\"robots\" content=\"index, follow, max-snippet:-1, max-image-preview:large, max-video-preview:-1\" \/>\n<link rel=\"canonical\" href=\"https:\/\/uniweld.com.br\/es\/essen-a2\/\" \/>\n<meta property=\"og:locale\" content=\"es_ES\" \/>\n<meta property=\"og:type\" content=\"article\" \/>\n<meta property=\"og:title\" content=\"ESSEN A2\" \/>\n<meta property=\"og:description\" content=\"ESSEN A2 &#8211; AWS ER 4047 Este material, dispon\u00edvel em forma de vareta ou arame, \u00e9 especialmente desenvolvido para processos de soldagem como TIG, MIG e oxiacetil\u00eanica, destinado \u00e0 soldagem de alum\u00ednio e suas ligas em uma variedade de aplica\u00e7\u00f5es. Com base nas ligas de alum\u00ednio 3003 e 6061, este arame ou vareta destaca-se por [&hellip;]\" \/>\n<meta property=\"og:url\" content=\"https:\/\/uniweld.com.br\/es\/essen-a2\/\" \/>\n<meta property=\"og:site_name\" content=\"Uniweld\" \/>\n<meta property=\"article:publisher\" content=\"https:\/\/www.facebook.com\/uniweldeletrodos\" \/>\n<meta property=\"article:modified_time\" content=\"2024-06-18T17:11:01+00:00\" \/>\n<meta name=\"twitter:card\" content=\"summary_large_image\" \/>\n<meta name=\"twitter:label1\" content=\"Tiempo de lectura\" \/>\n\t<meta name=\"twitter:data1\" content=\"2 minutos\" \/>\n<script type=\"application\/ld+json\" class=\"yoast-schema-graph\">{\"@context\":\"https:\/\/schema.org\",\"@graph\":[{\"@type\":\"WebPage\",\"@id\":\"https:\/\/uniweld.com.br\/essen-a2\/\",\"url\":\"https:\/\/uniweld.com.br\/essen-a2\/\",\"name\":\"ESSEN A2 - Uniweld\",\"isPartOf\":{\"@id\":\"https:\/\/uniweld.com.br\/pt\/#website\"},\"datePublished\":\"2024-06-18T17:00:51+00:00\",\"dateModified\":\"2024-06-18T17:11:01+00:00\",\"breadcrumb\":{\"@id\":\"https:\/\/uniweld.com.br\/essen-a2\/#breadcrumb\"},\"inLanguage\":\"es\",\"potentialAction\":[{\"@type\":\"ReadAction\",\"target\":[\"https:\/\/uniweld.com.br\/essen-a2\/\"]}]},{\"@type\":\"BreadcrumbList\",\"@id\":\"https:\/\/uniweld.com.br\/essen-a2\/#breadcrumb\",\"itemListElement\":[{\"@type\":\"ListItem\",\"position\":1,\"name\":\"In\u00edcio\",\"item\":\"https:\/\/uniweld.com.br\/\"},{\"@type\":\"ListItem\",\"position\":2,\"name\":\"ESSEN A2\"}]},{\"@type\":\"WebSite\",\"@id\":\"https:\/\/uniweld.com.br\/pt\/#website\",\"url\":\"https:\/\/uniweld.com.br\/pt\/\",\"name\":\"Uniweld\",\"description\":\"Industria e Fabricante de Eletrodos e Arames Tubulares\",\"potentialAction\":[{\"@type\":\"SearchAction\",\"target\":{\"@type\":\"EntryPoint\",\"urlTemplate\":\"https:\/\/uniweld.com.br\/pt\/?s={search_term_string}\"},\"query-input\":\"required name=search_term_string\"}],\"inLanguage\":\"es\"}]}<\/script>\n<!-- \/ Yoast SEO Premium plugin. -->","yoast_head_json":{"title":"ESSEN A2 - Uniweld","robots":{"index":"index","follow":"follow","max-snippet":"max-snippet:-1","max-image-preview":"max-image-preview:large","max-video-preview":"max-video-preview:-1"},"canonical":"https:\/\/uniweld.com.br\/es\/essen-a2\/","og_locale":"es_ES","og_type":"article","og_title":"ESSEN A2","og_description":"ESSEN A2 &#8211; AWS ER 4047 Este material, dispon\u00edvel em forma de vareta ou arame, \u00e9 especialmente desenvolvido para processos de soldagem como TIG, MIG e oxiacetil\u00eanica, destinado \u00e0 soldagem de alum\u00ednio e suas ligas em uma variedade de aplica\u00e7\u00f5es. Com base nas ligas de alum\u00ednio 3003 e 6061, este arame ou vareta destaca-se por [&hellip;]","og_url":"https:\/\/uniweld.com.br\/es\/essen-a2\/","og_site_name":"Uniweld","article_publisher":"https:\/\/www.facebook.com\/uniweldeletrodos","article_modified_time":"2024-06-18T17:11:01+00:00","twitter_card":"summary_large_image","twitter_misc":{"Tiempo de lectura":"2 minutos"},"schema":{"@context":"https:\/\/schema.org","@graph":[{"@type":"WebPage","@id":"https:\/\/uniweld.com.br\/essen-a2\/","url":"https:\/\/uniweld.com.br\/essen-a2\/","name":"ESSEN A2 - Uniweld","isPartOf":{"@id":"https:\/\/uniweld.com.br\/pt\/#website"},"datePublished":"2024-06-18T17:00:51+00:00","dateModified":"2024-06-18T17:11:01+00:00","breadcrumb":{"@id":"https:\/\/uniweld.com.br\/essen-a2\/#breadcrumb"},"inLanguage":"es","potentialAction":[{"@type":"ReadAction","target":["https:\/\/uniweld.com.br\/essen-a2\/"]}]},{"@type":"BreadcrumbList","@id":"https:\/\/uniweld.com.br\/essen-a2\/#breadcrumb","itemListElement":[{"@type":"ListItem","position":1,"name":"In\u00edcio","item":"https:\/\/uniweld.com.br\/"},{"@type":"ListItem","position":2,"name":"ESSEN A2"}]},{"@type":"WebSite","@id":"https:\/\/uniweld.com.br\/pt\/#website","url":"https:\/\/uniweld.com.br\/pt\/","name":"Uniweld","description":"Industria e Fabricante de Eletrodos e Arames Tubulares","potentialAction":[{"@type":"SearchAction","target":{"@type":"EntryPoint","urlTemplate":"https:\/\/uniweld.com.br\/pt\/?s={search_term_string}"},"query-input":"required name=search_term_string"}],"inLanguage":"es"}]}},"_links":{"self":[{"href":"https:\/\/uniweld.com.br\/es\/wp-json\/wp\/v2\/pages\/3350","targetHints":{"allow":["GET"]}}],"collection":[{"href":"https:\/\/uniweld.com.br\/es\/wp-json\/wp\/v2\/pages"}],"about":[{"href":"https:\/\/uniweld.com.br\/es\/wp-json\/wp\/v2\/types\/page"}],"author":[{"embeddable":true,"href":"https:\/\/uniweld.com.br\/es\/wp-json\/wp\/v2\/users\/1"}],"replies":[{"embeddable":true,"href":"https:\/\/uniweld.com.br\/es\/wp-json\/wp\/v2\/comments?post=3350"}],"version-history":[{"count":4,"href":"https:\/\/uniweld.com.br\/es\/wp-json\/wp\/v2\/pages\/3350\/revisions"}],"predecessor-version":[{"id":3354,"href":"https:\/\/uniweld.com.br\/es\/wp-json\/wp\/v2\/pages\/3350\/revisions\/3354"}],"wp:attachment":[{"href":"https:\/\/uniweld.com.br\/es\/wp-json\/wp\/v2\/media?parent=3350"}],"curies":[{"name":"wp","href":"https:\/\/api.w.org\/{rel}","templated":true}]}}