{"id":3368,"date":"2024-06-18T14:45:22","date_gmt":"2024-06-18T17:45:22","guid":{"rendered":"https:\/\/mediumturquoise-llama-533337.hostingersite.com\/?page_id=3368"},"modified":"2024-06-18T14:45:38","modified_gmt":"2024-06-18T17:45:38","slug":"essen-a6","status":"publish","type":"page","link":"https:\/\/uniweld.com.br\/es\/essen-a6\/","title":{"rendered":"ESSEN A6"},"content":{"rendered":"<div data-elementor-type=\"wp-page\" data-elementor-id=\"3368\" class=\"elementor elementor-3368\" data-elementor-post-type=\"page\">\n\t\t\t\t\t\t\t\t\t<section class=\"elementor-section elementor-top-section elementor-element elementor-element-7ce025be elementor-section-boxed elementor-section-height-default elementor-section-height-default tf-sticky-section tf-sticky-no\" data-id=\"7ce025be\" data-element_type=\"section\" data-settings=\"{&quot;tf_sticky&quot;:&quot;no&quot;}\">\n\t\t\t\t\t\t<div class=\"elementor-container elementor-column-gap-default\">\n\t\t\t\t\t<div class=\"elementor-column elementor-col-100 elementor-top-column elementor-element elementor-element-46461e97\" data-id=\"46461e97\" data-element_type=\"column\">\n\t\t\t<div class=\"elementor-widget-wrap elementor-element-populated\">\n\t\t\t\t\t\t\t\t<div class=\"elementor-element elementor-element-40595e3c elementor-widget elementor-widget-text-editor\" data-id=\"40595e3c\" data-element_type=\"widget\" data-widget_type=\"text-editor.default\">\n\t\t\t\t<div class=\"elementor-widget-container\">\n\t\t\t<style>\/*! elementor - v3.14.0 - 26-06-2023 *\/\n.elementor-widget-text-editor.elementor-drop-cap-view-stacked .elementor-drop-cap{background-color:#69727d;color:#fff}.elementor-widget-text-editor.elementor-drop-cap-view-framed .elementor-drop-cap{color:#69727d;border:3px solid;background-color:transparent}.elementor-widget-text-editor:not(.elementor-drop-cap-view-default) .elementor-drop-cap{margin-top:8px}.elementor-widget-text-editor:not(.elementor-drop-cap-view-default) .elementor-drop-cap-letter{width:1em;height:1em}.elementor-widget-text-editor .elementor-drop-cap{float:left;text-align:center;line-height:1;font-size:50px}.elementor-widget-text-editor .elementor-drop-cap-letter{display:inline-block}<\/style>\t\t\t\t<p><!-- wp:heading --><\/p>\n<h2>ESSEN A6 &#8211; PRODUTO ESPECIAL<\/h2>\n<p><!-- \/wp:heading --><!-- wp:paragraph --><\/p>\n<p>Este eletrodo \u00e9 especialmente formulado com um revestimento extrudado para a soldagem de alum\u00ednio e suas ligas, como AlMgSi, AlSiCu, alum\u00ednio fundido e laminado. motor, cilindros, ventiladores e manuten\u00e7\u00e3o em geral. O eletrodo destaca-se ao proporcionar cord\u00f5es de solda com um acabamento excepcional, garantindo um arco el\u00e9trico est\u00e1vel durante o processo. Sua caracter\u00edstica de f\u00e1cil remo\u00e7\u00e3o de esc\u00f3ria contribui para uma opera\u00e7\u00e3o mais eficiente. Al\u00e9m disso, \u00e9 projetado para ser isento de defeitos, resultando em soldas de alta qualidade. Uma das vantagens not\u00e1veis desse eletrodo \u00e9 a sua capacidade de oferecer boa resist\u00eancia \u00e0 corros\u00e3o e tra\u00e7\u00e3o nas soldas realizadas. Com essas propriedades aprimoradas, o eletrodo se destaca como uma escolha confi\u00e1vel para aplica\u00e7\u00f5es que demandam durabilidade e desempenho consistente.<\/p>\n<p><!-- \/wp:paragraph --><!-- wp:heading --><\/p>\n<h2>Ficha t\u00e9cnica<\/h2>\n<p>Clique <a href=\"https:\/\/uniweld.com.br\/wp-content\/uploads\/2024\/01\/Ficha-Tecnica-ESSEN-A6.pdf\"><strong>aqui<\/strong><\/a> para baixar a ficha t\u00e9cnica<\/p>\n<h2>Indica\u00e7\u00f5es<\/h2>\n<ul>\n<li>\u00a0Perfis laminados;<\/li>\n<li>Reparo de blocos de motor;<\/li>\n<li>Cilindros;<\/li>\n<li>Ventiladores;<\/li>\n<li>Manuten\u00e7\u00e3o em geral.<\/li>\n<\/ul>\n<h2>Caracter\u00edstica<\/h2>\n<p><!-- \/wp:paragraph --><\/p>\t\t\t\t\t\t<\/div>\n\t\t\t\t<\/div>\n\t\t\t\t\t<\/div>\n\t\t<\/div>\n\t\t\t\t\t\t\t<\/div>\n\t\t<\/section>\n\t\t\t\t<section class=\"elementor-section elementor-top-section elementor-element elementor-element-e7d2be5 elementor-section-boxed elementor-section-height-default elementor-section-height-default tf-sticky-section tf-sticky-no\" data-id=\"e7d2be5\" data-element_type=\"section\" data-settings=\"{&quot;tf_sticky&quot;:&quot;no&quot;}\">\n\t\t\t\t\t\t<div class=\"elementor-container elementor-column-gap-default\">\n\t\t\t\t\t<div class=\"elementor-column elementor-col-100 elementor-top-column elementor-element elementor-element-a281fa1\" data-id=\"a281fa1\" data-element_type=\"column\">\n\t\t\t<div class=\"elementor-widget-wrap elementor-element-populated\">\n\t\t\t\t\t\t\t\t<div class=\"elementor-element elementor-element-9be8b5c elementor-widget elementor-widget-html\" data-id=\"9be8b5c\" data-element_type=\"widget\" data-widget_type=\"html.default\">\n\t\t\t\t<div class=\"elementor-widget-container\">\n\t\t\t<table class=\"rTable\" width: 100%;>\r\n        <thead>\r\n            <tr>\r\n                <th>DI\u00c2METRO (mm):<\/th>\r\n                <th>COMPRIMENTO (mm):<\/th>\r\n                <th>AMPERAGEM (A) :<\/th>\r\n                <th>EMBALAGEM (kg):<\/th>\r\n            <\/tr>\r\n        <\/thead>\r\n\r\n        <tbody>\r\n            <tr>\r\n                <td>2,50<\/td>\r\n                <td>350<\/td>\r\n                <td>45 a 95<\/td>\r\n                <td>0,500<\/td>\r\n            <\/tr>\r\n\r\n            <tr>\r\n                <td>3,25<\/td>\r\n                <td>350<\/td>\r\n                <td>65 a 115<\/td>\r\n                <td>0,500<\/td>\r\n            <\/tr>\r\n        <\/tbody>\r\n    <\/table>\t\t<\/div>\n\t\t\t\t<\/div>\n\t\t\t\t\t<\/div>\n\t\t<\/div>\n\t\t\t\t\t\t\t<\/div>\n\t\t<\/section>\n\t\t\t\t\t\t\t<\/div>","protected":false},"excerpt":{"rendered":"<p>ESSEN A6 &#8211; PRODUTO ESPECIAL Este eletrodo \u00e9 especialmente formulado com um revestimento extrudado para a soldagem de alum\u00ednio e suas ligas, como AlMgSi, AlSiCu, alum\u00ednio fundido e laminado. motor, cilindros, ventiladores e manuten\u00e7\u00e3o em geral. O eletrodo destaca-se ao proporcionar cord\u00f5es de solda com um acabamento excepcional, garantindo um arco el\u00e9trico est\u00e1vel durante o [&hellip;]<\/p>","protected":false},"author":1,"featured_media":0,"parent":0,"menu_order":0,"comment_status":"closed","ping_status":"closed","template":"","meta":{"om_disable_all_campaigns":false,"_monsterinsights_skip_tracking":false,"_monsterinsights_sitenote_active":false,"_monsterinsights_sitenote_note":"","_monsterinsights_sitenote_category":0,"footnotes":""},"class_list":["post-3368","page","type-page","status-publish","hentry"],"yoast_head":"<!-- This site is optimized with the Yoast SEO Premium plugin v19.1 (Yoast SEO v20.11) - https:\/\/yoast.com\/wordpress\/plugins\/seo\/ -->\n<title>ESSEN A6 - Uniweld<\/title>\n<meta name=\"robots\" content=\"index, follow, max-snippet:-1, max-image-preview:large, max-video-preview:-1\" \/>\n<link rel=\"canonical\" href=\"https:\/\/uniweld.com.br\/es\/essen-a6\/\" \/>\n<meta property=\"og:locale\" content=\"es_ES\" \/>\n<meta property=\"og:type\" content=\"article\" \/>\n<meta property=\"og:title\" content=\"ESSEN A6\" \/>\n<meta property=\"og:description\" content=\"ESSEN A6 &#8211; PRODUTO ESPECIAL Este eletrodo \u00e9 especialmente formulado com um revestimento extrudado para a soldagem de alum\u00ednio e suas ligas, como AlMgSi, AlSiCu, alum\u00ednio fundido e laminado. motor, cilindros, ventiladores e manuten\u00e7\u00e3o em geral. O eletrodo destaca-se ao proporcionar cord\u00f5es de solda com um acabamento excepcional, garantindo um arco el\u00e9trico est\u00e1vel durante o [&hellip;]\" \/>\n<meta property=\"og:url\" content=\"https:\/\/uniweld.com.br\/es\/essen-a6\/\" \/>\n<meta property=\"og:site_name\" content=\"Uniweld\" \/>\n<meta property=\"article:publisher\" content=\"https:\/\/www.facebook.com\/uniweldeletrodos\" \/>\n<meta property=\"article:modified_time\" content=\"2024-06-18T17:45:38+00:00\" \/>\n<meta name=\"twitter:card\" content=\"summary_large_image\" \/>\n<meta name=\"twitter:label1\" content=\"Tiempo de lectura\" \/>\n\t<meta name=\"twitter:data1\" content=\"1 minuto\" \/>\n<script type=\"application\/ld+json\" class=\"yoast-schema-graph\">{\"@context\":\"https:\/\/schema.org\",\"@graph\":[{\"@type\":\"WebPage\",\"@id\":\"https:\/\/uniweld.com.br\/essen-a6\/\",\"url\":\"https:\/\/uniweld.com.br\/essen-a6\/\",\"name\":\"ESSEN A6 - Uniweld\",\"isPartOf\":{\"@id\":\"https:\/\/uniweld.com.br\/pt\/#website\"},\"datePublished\":\"2024-06-18T17:45:22+00:00\",\"dateModified\":\"2024-06-18T17:45:38+00:00\",\"breadcrumb\":{\"@id\":\"https:\/\/uniweld.com.br\/essen-a6\/#breadcrumb\"},\"inLanguage\":\"es\",\"potentialAction\":[{\"@type\":\"ReadAction\",\"target\":[\"https:\/\/uniweld.com.br\/essen-a6\/\"]}]},{\"@type\":\"BreadcrumbList\",\"@id\":\"https:\/\/uniweld.com.br\/essen-a6\/#breadcrumb\",\"itemListElement\":[{\"@type\":\"ListItem\",\"position\":1,\"name\":\"In\u00edcio\",\"item\":\"https:\/\/uniweld.com.br\/\"},{\"@type\":\"ListItem\",\"position\":2,\"name\":\"ESSEN A6\"}]},{\"@type\":\"WebSite\",\"@id\":\"https:\/\/uniweld.com.br\/pt\/#website\",\"url\":\"https:\/\/uniweld.com.br\/pt\/\",\"name\":\"Uniweld\",\"description\":\"Industria e Fabricante de Eletrodos e Arames Tubulares\",\"potentialAction\":[{\"@type\":\"SearchAction\",\"target\":{\"@type\":\"EntryPoint\",\"urlTemplate\":\"https:\/\/uniweld.com.br\/pt\/?s={search_term_string}\"},\"query-input\":\"required name=search_term_string\"}],\"inLanguage\":\"es\"}]}<\/script>\n<!-- \/ Yoast SEO Premium plugin. -->","yoast_head_json":{"title":"ESSEN A6 - Uniweld","robots":{"index":"index","follow":"follow","max-snippet":"max-snippet:-1","max-image-preview":"max-image-preview:large","max-video-preview":"max-video-preview:-1"},"canonical":"https:\/\/uniweld.com.br\/es\/essen-a6\/","og_locale":"es_ES","og_type":"article","og_title":"ESSEN A6","og_description":"ESSEN A6 &#8211; PRODUTO ESPECIAL Este eletrodo \u00e9 especialmente formulado com um revestimento extrudado para a soldagem de alum\u00ednio e suas ligas, como AlMgSi, AlSiCu, alum\u00ednio fundido e laminado. motor, cilindros, ventiladores e manuten\u00e7\u00e3o em geral. O eletrodo destaca-se ao proporcionar cord\u00f5es de solda com um acabamento excepcional, garantindo um arco el\u00e9trico est\u00e1vel durante o [&hellip;]","og_url":"https:\/\/uniweld.com.br\/es\/essen-a6\/","og_site_name":"Uniweld","article_publisher":"https:\/\/www.facebook.com\/uniweldeletrodos","article_modified_time":"2024-06-18T17:45:38+00:00","twitter_card":"summary_large_image","twitter_misc":{"Tiempo de lectura":"1 minuto"},"schema":{"@context":"https:\/\/schema.org","@graph":[{"@type":"WebPage","@id":"https:\/\/uniweld.com.br\/essen-a6\/","url":"https:\/\/uniweld.com.br\/essen-a6\/","name":"ESSEN A6 - Uniweld","isPartOf":{"@id":"https:\/\/uniweld.com.br\/pt\/#website"},"datePublished":"2024-06-18T17:45:22+00:00","dateModified":"2024-06-18T17:45:38+00:00","breadcrumb":{"@id":"https:\/\/uniweld.com.br\/essen-a6\/#breadcrumb"},"inLanguage":"es","potentialAction":[{"@type":"ReadAction","target":["https:\/\/uniweld.com.br\/essen-a6\/"]}]},{"@type":"BreadcrumbList","@id":"https:\/\/uniweld.com.br\/essen-a6\/#breadcrumb","itemListElement":[{"@type":"ListItem","position":1,"name":"In\u00edcio","item":"https:\/\/uniweld.com.br\/"},{"@type":"ListItem","position":2,"name":"ESSEN A6"}]},{"@type":"WebSite","@id":"https:\/\/uniweld.com.br\/pt\/#website","url":"https:\/\/uniweld.com.br\/pt\/","name":"Uniweld","description":"Industria e Fabricante de Eletrodos e Arames Tubulares","potentialAction":[{"@type":"SearchAction","target":{"@type":"EntryPoint","urlTemplate":"https:\/\/uniweld.com.br\/pt\/?s={search_term_string}"},"query-input":"required name=search_term_string"}],"inLanguage":"es"}]}},"_links":{"self":[{"href":"https:\/\/uniweld.com.br\/es\/wp-json\/wp\/v2\/pages\/3368","targetHints":{"allow":["GET"]}}],"collection":[{"href":"https:\/\/uniweld.com.br\/es\/wp-json\/wp\/v2\/pages"}],"about":[{"href":"https:\/\/uniweld.com.br\/es\/wp-json\/wp\/v2\/types\/page"}],"author":[{"embeddable":true,"href":"https:\/\/uniweld.com.br\/es\/wp-json\/wp\/v2\/users\/1"}],"replies":[{"embeddable":true,"href":"https:\/\/uniweld.com.br\/es\/wp-json\/wp\/v2\/comments?post=3368"}],"version-history":[{"count":5,"href":"https:\/\/uniweld.com.br\/es\/wp-json\/wp\/v2\/pages\/3368\/revisions"}],"predecessor-version":[{"id":3374,"href":"https:\/\/uniweld.com.br\/es\/wp-json\/wp\/v2\/pages\/3368\/revisions\/3374"}],"wp:attachment":[{"href":"https:\/\/uniweld.com.br\/es\/wp-json\/wp\/v2\/media?parent=3368"}],"curies":[{"name":"wp","href":"https:\/\/api.w.org\/{rel}","templated":true}]}}