{"id":3433,"date":"2024-06-19T08:49:12","date_gmt":"2024-06-19T11:49:12","guid":{"rendered":"https:\/\/mediumturquoise-llama-533337.hostingersite.com\/?page_id=3433"},"modified":"2024-06-19T08:49:40","modified_gmt":"2024-06-19T11:49:40","slug":"essen-ccr-60","status":"publish","type":"page","link":"https:\/\/uniweld.com.br\/es\/essen-ccr-60\/","title":{"rendered":"ESSEN CCR 60"},"content":{"rendered":"<div data-elementor-type=\"wp-page\" data-elementor-id=\"3433\" class=\"elementor elementor-3433\" data-elementor-post-type=\"page\">\n\t\t\t\t\t\t\t\t\t<section class=\"elementor-section elementor-top-section elementor-element elementor-element-7ce025be elementor-section-boxed elementor-section-height-default elementor-section-height-default tf-sticky-section tf-sticky-no\" data-id=\"7ce025be\" data-element_type=\"section\" data-settings=\"{&quot;tf_sticky&quot;:&quot;no&quot;}\">\n\t\t\t\t\t\t<div class=\"elementor-container elementor-column-gap-default\">\n\t\t\t\t\t<div class=\"elementor-column elementor-col-100 elementor-top-column elementor-element elementor-element-46461e97\" data-id=\"46461e97\" data-element_type=\"column\">\n\t\t\t<div class=\"elementor-widget-wrap elementor-element-populated\">\n\t\t\t\t\t\t\t\t<div class=\"elementor-element elementor-element-40595e3c elementor-widget elementor-widget-text-editor\" data-id=\"40595e3c\" data-element_type=\"widget\" data-widget_type=\"text-editor.default\">\n\t\t\t\t<div class=\"elementor-widget-container\">\n\t\t\t<style>\/*! elementor - v3.14.0 - 26-06-2023 *\/\n.elementor-widget-text-editor.elementor-drop-cap-view-stacked .elementor-drop-cap{background-color:#69727d;color:#fff}.elementor-widget-text-editor.elementor-drop-cap-view-framed .elementor-drop-cap{color:#69727d;border:3px solid;background-color:transparent}.elementor-widget-text-editor:not(.elementor-drop-cap-view-default) .elementor-drop-cap{margin-top:8px}.elementor-widget-text-editor:not(.elementor-drop-cap-view-default) .elementor-drop-cap-letter{width:1em;height:1em}.elementor-widget-text-editor .elementor-drop-cap{float:left;text-align:center;line-height:1;font-size:50px}.elementor-widget-text-editor .elementor-drop-cap-letter{display:inline-block}<\/style>\t\t\t\t<p><!-- wp:heading --><\/p>\n<h2>ESSEN CCR 60 &#8211; DIN EN 14700 E UM 10 60 G<\/h2>\n<p><!-- \/wp:heading --><!-- wp:paragraph --><\/p>\n<p>Eletrodo de Carbonetos de Cromo projetadao para o revestimento de pe\u00e7as sujeitas a abras\u00e3o severa. Este eletrodo tem como principal finalidade a restaura\u00e7\u00e3o e o refor\u00e7o protetor contra o desgaste, apresentando um elevado \u00edndice de deposi\u00e7\u00e3o. Sua soldabilidade \u00e9 not\u00e1vel, permitindo a obten\u00e7\u00e3o de cord\u00f5es perfeitos e lisos. Destaca-se ainda pela excelente durabilidade que proporciona aos equipamentos sujeitos a condi\u00e7\u00f5es de desgaste. Essas caracter\u00edsticas fazem dele uma escolha ideal para prolongar a vida \u00fatil de equipamentos em diversas \u00e1reas industriais.<\/p>\n<p><!-- \/wp:paragraph --><!-- wp:heading --><\/p>\n<h2>Ficha t\u00e9cnica<\/h2>\n<p>Clique <a href=\"https:\/\/uniweld.com.br\/wp-content\/uploads\/2024\/02\/Ficha-Tecnica-ESSEN-CCR-60.pdf\"><strong>aqui<\/strong><\/a> para baixar a ficha t\u00e9cnica<\/p>\n<h2>Indica\u00e7\u00f5es<\/h2>\n<ul>\n<li>Misturadores de min\u00e9rios;<\/li>\n<li>Facas trituradoras;<\/li>\n<li>Fatos de areia;<\/li>\n<li>Roscas transportadoras;<\/li>\n<li>Martelos de moendas;<\/li>\n<li>H\u00e9lices transportadoras;<\/li>\n<li>Mand\u00edbulas de britadores;<\/li>\n<li>Dentes de ca\u00e7ambas;<\/li>\n<li>P\u00e1s carregadeiras;<\/li>\n<li>Perfuratrizes;<\/li>\n<li>Rolos de minera\u00e7\u00e3o;<\/li>\n<li>Bicos de jato de areia;<\/li>\n<li>Ind\u00fastrias sider\u00fargicas;<\/li>\n<li>Ind\u00fastrias sucroalcooleiras;<\/li>\n<li>Ind\u00fastrias cer\u00e2micas;<\/li>\n<li>Ind\u00fastrias fundi\u00e7\u00f5es;<\/li>\n<li>Ind\u00fastrias cimenteiras;<\/li>\n<li>Ind\u00fastrias mineradoras;<\/li>\n<li>Ind\u00fastrias terraplanagem<\/li>\n<li>Ind\u00fastrias metal\u00fargicas;<\/li>\n<\/ul>\n<h2>Caracter\u00edstica<\/h2>\n<p><!-- \/wp:paragraph --><\/p>\t\t\t\t\t\t<\/div>\n\t\t\t\t<\/div>\n\t\t\t\t\t<\/div>\n\t\t<\/div>\n\t\t\t\t\t\t\t<\/div>\n\t\t<\/section>\n\t\t\t\t<section class=\"elementor-section elementor-top-section elementor-element elementor-element-e7d2be5 elementor-section-boxed elementor-section-height-default elementor-section-height-default tf-sticky-section tf-sticky-no\" data-id=\"e7d2be5\" data-element_type=\"section\" data-settings=\"{&quot;tf_sticky&quot;:&quot;no&quot;}\">\n\t\t\t\t\t\t<div class=\"elementor-container elementor-column-gap-default\">\n\t\t\t\t\t<div class=\"elementor-column elementor-col-100 elementor-top-column elementor-element elementor-element-a281fa1\" data-id=\"a281fa1\" data-element_type=\"column\">\n\t\t\t<div class=\"elementor-widget-wrap elementor-element-populated\">\n\t\t\t\t\t\t\t\t<div class=\"elementor-element elementor-element-9be8b5c elementor-widget elementor-widget-html\" data-id=\"9be8b5c\" data-element_type=\"widget\" data-widget_type=\"html.default\">\n\t\t\t\t<div class=\"elementor-widget-container\">\n\t\t\t<table class=\"rTable\" width: 100%;>\r\n        <thead>\r\n            <tr>\r\n                <th>DI\u00c2METRO (mm):<\/th>\r\n                <th>COMPRIMENTO (mm):<\/th>\r\n                <th>AMPERAGEM (A) :<\/th>\r\n                <th>EMBALAGEM (kg):<\/th>\r\n            <\/tr>\r\n        <\/thead>\r\n\r\n        <tbody>\r\n            <tr>\r\n                <td>2,50<\/td>\r\n                <td>350<\/td>\r\n                <td>70 a 100<\/td>\r\n                <td>4,00<\/td>\r\n            <\/tr>\r\n\r\n            <tr>\r\n                <td>3,25<\/td>\r\n                <td>350<\/td>\r\n                <td>110 a 150<\/td>\r\n                <td>5,00<\/td>\r\n            <\/tr>\r\n            <tr>\r\n                <td>4,00<\/td>\r\n                <td>450<\/td>\r\n                <td>140 a 180<\/td>\r\n                <td>5,00<\/td>\r\n            <\/tr>\r\n<tr>\r\n                <td>5,00<\/td>\r\n                <td>450<\/td>\r\n                <td>180 a 230<\/td>\r\n                <td>5,00<\/td>\r\n            <\/tr>\r\n\r\n        <\/tbody>\r\n    <\/table>\t\t<\/div>\n\t\t\t\t<\/div>\n\t\t\t\t\t<\/div>\n\t\t<\/div>\n\t\t\t\t\t\t\t<\/div>\n\t\t<\/section>\n\t\t\t\t\t\t\t<\/div>","protected":false},"excerpt":{"rendered":"<p>ESSEN CCR 60 &#8211; DIN EN 14700 E UM 10 60 G Eletrodo de Carbonetos de Cromo projetadao para o revestimento de pe\u00e7as sujeitas a abras\u00e3o severa. Este eletrodo tem como principal finalidade a restaura\u00e7\u00e3o e o refor\u00e7o protetor contra o desgaste, apresentando um elevado \u00edndice de deposi\u00e7\u00e3o. Sua soldabilidade \u00e9 not\u00e1vel, permitindo a obten\u00e7\u00e3o [&hellip;]<\/p>","protected":false},"author":1,"featured_media":0,"parent":0,"menu_order":0,"comment_status":"closed","ping_status":"closed","template":"","meta":{"om_disable_all_campaigns":false,"_monsterinsights_skip_tracking":false,"_monsterinsights_sitenote_active":false,"_monsterinsights_sitenote_note":"","_monsterinsights_sitenote_category":0,"footnotes":""},"class_list":["post-3433","page","type-page","status-publish","hentry"],"yoast_head":"<!-- This site is optimized with the Yoast SEO Premium plugin v19.1 (Yoast SEO v20.11) - https:\/\/yoast.com\/wordpress\/plugins\/seo\/ -->\n<title>ESSEN CCR 60 - Uniweld<\/title>\n<meta name=\"robots\" content=\"index, follow, max-snippet:-1, max-image-preview:large, max-video-preview:-1\" \/>\n<link rel=\"canonical\" href=\"https:\/\/uniweld.com.br\/es\/essen-ccr-60\/\" \/>\n<meta property=\"og:locale\" content=\"es_ES\" \/>\n<meta property=\"og:type\" content=\"article\" \/>\n<meta property=\"og:title\" content=\"ESSEN CCR 60\" \/>\n<meta property=\"og:description\" content=\"ESSEN CCR 60 &#8211; DIN EN 14700 E UM 10 60 G Eletrodo de Carbonetos de Cromo projetadao para o revestimento de pe\u00e7as sujeitas a abras\u00e3o severa. Este eletrodo tem como principal finalidade a restaura\u00e7\u00e3o e o refor\u00e7o protetor contra o desgaste, apresentando um elevado \u00edndice de deposi\u00e7\u00e3o. Sua soldabilidade \u00e9 not\u00e1vel, permitindo a obten\u00e7\u00e3o [&hellip;]\" \/>\n<meta property=\"og:url\" content=\"https:\/\/uniweld.com.br\/es\/essen-ccr-60\/\" \/>\n<meta property=\"og:site_name\" content=\"Uniweld\" \/>\n<meta property=\"article:publisher\" content=\"https:\/\/www.facebook.com\/uniweldeletrodos\" \/>\n<meta property=\"article:modified_time\" content=\"2024-06-19T11:49:40+00:00\" \/>\n<meta name=\"twitter:card\" content=\"summary_large_image\" \/>\n<meta name=\"twitter:label1\" content=\"Tiempo de lectura\" \/>\n\t<meta name=\"twitter:data1\" content=\"2 minutos\" \/>\n<script type=\"application\/ld+json\" class=\"yoast-schema-graph\">{\"@context\":\"https:\/\/schema.org\",\"@graph\":[{\"@type\":\"WebPage\",\"@id\":\"https:\/\/uniweld.com.br\/essen-ccr-60\/\",\"url\":\"https:\/\/uniweld.com.br\/essen-ccr-60\/\",\"name\":\"ESSEN CCR 60 - Uniweld\",\"isPartOf\":{\"@id\":\"https:\/\/uniweld.com.br\/pt\/#website\"},\"datePublished\":\"2024-06-19T11:49:12+00:00\",\"dateModified\":\"2024-06-19T11:49:40+00:00\",\"breadcrumb\":{\"@id\":\"https:\/\/uniweld.com.br\/essen-ccr-60\/#breadcrumb\"},\"inLanguage\":\"es\",\"potentialAction\":[{\"@type\":\"ReadAction\",\"target\":[\"https:\/\/uniweld.com.br\/essen-ccr-60\/\"]}]},{\"@type\":\"BreadcrumbList\",\"@id\":\"https:\/\/uniweld.com.br\/essen-ccr-60\/#breadcrumb\",\"itemListElement\":[{\"@type\":\"ListItem\",\"position\":1,\"name\":\"In\u00edcio\",\"item\":\"https:\/\/uniweld.com.br\/\"},{\"@type\":\"ListItem\",\"position\":2,\"name\":\"ESSEN CCR 60\"}]},{\"@type\":\"WebSite\",\"@id\":\"https:\/\/uniweld.com.br\/pt\/#website\",\"url\":\"https:\/\/uniweld.com.br\/pt\/\",\"name\":\"Uniweld\",\"description\":\"Industria e Fabricante de Eletrodos e Arames Tubulares\",\"potentialAction\":[{\"@type\":\"SearchAction\",\"target\":{\"@type\":\"EntryPoint\",\"urlTemplate\":\"https:\/\/uniweld.com.br\/pt\/?s={search_term_string}\"},\"query-input\":\"required name=search_term_string\"}],\"inLanguage\":\"es\"}]}<\/script>\n<!-- \/ Yoast SEO Premium plugin. -->","yoast_head_json":{"title":"ESSEN CCR 60 - Uniweld","robots":{"index":"index","follow":"follow","max-snippet":"max-snippet:-1","max-image-preview":"max-image-preview:large","max-video-preview":"max-video-preview:-1"},"canonical":"https:\/\/uniweld.com.br\/es\/essen-ccr-60\/","og_locale":"es_ES","og_type":"article","og_title":"ESSEN CCR 60","og_description":"ESSEN CCR 60 &#8211; DIN EN 14700 E UM 10 60 G Eletrodo de Carbonetos de Cromo projetadao para o revestimento de pe\u00e7as sujeitas a abras\u00e3o severa. Este eletrodo tem como principal finalidade a restaura\u00e7\u00e3o e o refor\u00e7o protetor contra o desgaste, apresentando um elevado \u00edndice de deposi\u00e7\u00e3o. Sua soldabilidade \u00e9 not\u00e1vel, permitindo a obten\u00e7\u00e3o [&hellip;]","og_url":"https:\/\/uniweld.com.br\/es\/essen-ccr-60\/","og_site_name":"Uniweld","article_publisher":"https:\/\/www.facebook.com\/uniweldeletrodos","article_modified_time":"2024-06-19T11:49:40+00:00","twitter_card":"summary_large_image","twitter_misc":{"Tiempo de lectura":"2 minutos"},"schema":{"@context":"https:\/\/schema.org","@graph":[{"@type":"WebPage","@id":"https:\/\/uniweld.com.br\/essen-ccr-60\/","url":"https:\/\/uniweld.com.br\/essen-ccr-60\/","name":"ESSEN CCR 60 - Uniweld","isPartOf":{"@id":"https:\/\/uniweld.com.br\/pt\/#website"},"datePublished":"2024-06-19T11:49:12+00:00","dateModified":"2024-06-19T11:49:40+00:00","breadcrumb":{"@id":"https:\/\/uniweld.com.br\/essen-ccr-60\/#breadcrumb"},"inLanguage":"es","potentialAction":[{"@type":"ReadAction","target":["https:\/\/uniweld.com.br\/essen-ccr-60\/"]}]},{"@type":"BreadcrumbList","@id":"https:\/\/uniweld.com.br\/essen-ccr-60\/#breadcrumb","itemListElement":[{"@type":"ListItem","position":1,"name":"In\u00edcio","item":"https:\/\/uniweld.com.br\/"},{"@type":"ListItem","position":2,"name":"ESSEN CCR 60"}]},{"@type":"WebSite","@id":"https:\/\/uniweld.com.br\/pt\/#website","url":"https:\/\/uniweld.com.br\/pt\/","name":"Uniweld","description":"Industria e Fabricante de Eletrodos e Arames Tubulares","potentialAction":[{"@type":"SearchAction","target":{"@type":"EntryPoint","urlTemplate":"https:\/\/uniweld.com.br\/pt\/?s={search_term_string}"},"query-input":"required name=search_term_string"}],"inLanguage":"es"}]}},"_links":{"self":[{"href":"https:\/\/uniweld.com.br\/es\/wp-json\/wp\/v2\/pages\/3433","targetHints":{"allow":["GET"]}}],"collection":[{"href":"https:\/\/uniweld.com.br\/es\/wp-json\/wp\/v2\/pages"}],"about":[{"href":"https:\/\/uniweld.com.br\/es\/wp-json\/wp\/v2\/types\/page"}],"author":[{"embeddable":true,"href":"https:\/\/uniweld.com.br\/es\/wp-json\/wp\/v2\/users\/1"}],"replies":[{"embeddable":true,"href":"https:\/\/uniweld.com.br\/es\/wp-json\/wp\/v2\/comments?post=3433"}],"version-history":[{"count":5,"href":"https:\/\/uniweld.com.br\/es\/wp-json\/wp\/v2\/pages\/3433\/revisions"}],"predecessor-version":[{"id":3438,"href":"https:\/\/uniweld.com.br\/es\/wp-json\/wp\/v2\/pages\/3433\/revisions\/3438"}],"wp:attachment":[{"href":"https:\/\/uniweld.com.br\/es\/wp-json\/wp\/v2\/media?parent=3433"}],"curies":[{"name":"wp","href":"https:\/\/api.w.org\/{rel}","templated":true}]}}