{"id":3477,"date":"2024-06-19T09:33:56","date_gmt":"2024-06-19T12:33:56","guid":{"rendered":"https:\/\/mediumturquoise-llama-533337.hostingersite.com\/?page_id=3477"},"modified":"2024-06-19T09:39:45","modified_gmt":"2024-06-19T12:39:45","slug":"essen-ccr-70","status":"publish","type":"page","link":"https:\/\/uniweld.com.br\/es\/essen-ccr-70\/","title":{"rendered":"ESSEN CCR 70"},"content":{"rendered":"<div data-elementor-type=\"wp-page\" data-elementor-id=\"3477\" class=\"elementor elementor-3477\" data-elementor-post-type=\"page\">\n\t\t\t\t\t\t\t\t\t<section class=\"elementor-section elementor-top-section elementor-element elementor-element-7ce025be elementor-section-boxed elementor-section-height-default elementor-section-height-default tf-sticky-section tf-sticky-no\" data-id=\"7ce025be\" data-element_type=\"section\" data-settings=\"{&quot;tf_sticky&quot;:&quot;no&quot;}\">\n\t\t\t\t\t\t<div class=\"elementor-container elementor-column-gap-default\">\n\t\t\t\t\t<div class=\"elementor-column elementor-col-100 elementor-top-column elementor-element elementor-element-46461e97\" data-id=\"46461e97\" data-element_type=\"column\">\n\t\t\t<div class=\"elementor-widget-wrap elementor-element-populated\">\n\t\t\t\t\t\t\t\t<div class=\"elementor-element elementor-element-40595e3c elementor-widget elementor-widget-text-editor\" data-id=\"40595e3c\" data-element_type=\"widget\" data-widget_type=\"text-editor.default\">\n\t\t\t\t<div class=\"elementor-widget-container\">\n\t\t\t<style>\/*! elementor - v3.14.0 - 26-06-2023 *\/\n.elementor-widget-text-editor.elementor-drop-cap-view-stacked .elementor-drop-cap{background-color:#69727d;color:#fff}.elementor-widget-text-editor.elementor-drop-cap-view-framed .elementor-drop-cap{color:#69727d;border:3px solid;background-color:transparent}.elementor-widget-text-editor:not(.elementor-drop-cap-view-default) .elementor-drop-cap{margin-top:8px}.elementor-widget-text-editor:not(.elementor-drop-cap-view-default) .elementor-drop-cap-letter{width:1em;height:1em}.elementor-widget-text-editor .elementor-drop-cap{float:left;text-align:center;line-height:1;font-size:50px}.elementor-widget-text-editor .elementor-drop-cap-letter{display:inline-block}<\/style>\t\t\t\t<p><!-- wp:heading --><\/p>\n<h2>ESSEN CCR 70 &#8211; PRODUTO ESPECIAL<\/h2>\n<p><!-- \/wp:heading --><!-- wp:paragraph --><\/p>\n<p>Eletrodo de alta velocidade de deposi\u00e7\u00e3o. Desenvolvido para a soldagem de a\u00e7os que operam sob altas condi\u00e7\u00f5es de resist\u00eancia e est\u00e3o sujeitos a desgaste por abras\u00e3o, este eletrodo destaca-se pelo alto teor de Carbonetos de Cromo, conferindo-lhe uma resist\u00eancia excepcional \u00e0 abras\u00e3o severa, combinada com uma m\u00e9dia capacidade de absor\u00e7\u00e3o de impacto. A dureza do dep\u00f3sito aumenta ligeiramente com o aumento do teor de carbono, embora n\u00e3o seja suscet\u00edvel a aumentos por meio de tratamento t\u00e9rmico. Para minimizar a susceptibilidade a trincas, \u00e9 poss\u00edvel reduzir esse efeito por meio de pr\u00e9-aquecimento e p\u00f3s-aquecimento durante o processo de soldagem. Essas caracter\u00edsticas<br \/>tornam este eletrodo uma escolha robusta para aplica\u00e7\u00f5es que demandam alta resist\u00eancia, durabilidade e resist\u00eancia ao desgaste por abras\u00e3o.\u00a0<\/p>\n<p><!-- \/wp:paragraph --><!-- wp:heading --><\/p>\n<h2>Ficha t\u00e9cnica<\/h2>\n<p>Clique <a href=\"https:\/\/uniweld.com.br\/wp-content\/uploads\/2024\/02\/Ficha-Tecnica-ESSEN-CCR-70.pdf\"><strong>aqui<\/strong><\/a> para baixar a ficha t\u00e9cnica<\/p>\n<h2>Indica\u00e7\u00f5es<\/h2>\n<ul>\n<li>Picotes de moendas;<\/li>\n<li>Extratores de carv\u00e3o;<\/li>\n<li>Ca\u00e7ambas de escavadeiras;<\/li>\n<li>Facas;<\/li>\n<li>Picotadoras;<\/li>\n<li>Martelos;<\/li>\n<li>Ind\u00fastrias sucroalcooleiras;<\/li>\n<li>Ind\u00fastrias cimenteiras;<\/li>\n<li>Ind\u00fastrias mineradoras;<\/li>\n<\/ul>\n<h2>Caracter\u00edstica<\/h2>\n<p><!-- \/wp:paragraph --><\/p>\t\t\t\t\t\t<\/div>\n\t\t\t\t<\/div>\n\t\t\t\t\t<\/div>\n\t\t<\/div>\n\t\t\t\t\t\t\t<\/div>\n\t\t<\/section>\n\t\t\t\t<section class=\"elementor-section elementor-top-section elementor-element elementor-element-e7d2be5 elementor-section-boxed elementor-section-height-default elementor-section-height-default tf-sticky-section tf-sticky-no\" data-id=\"e7d2be5\" data-element_type=\"section\" data-settings=\"{&quot;tf_sticky&quot;:&quot;no&quot;}\">\n\t\t\t\t\t\t<div class=\"elementor-container elementor-column-gap-default\">\n\t\t\t\t\t<div class=\"elementor-column elementor-col-100 elementor-top-column elementor-element elementor-element-a281fa1\" data-id=\"a281fa1\" data-element_type=\"column\">\n\t\t\t<div class=\"elementor-widget-wrap elementor-element-populated\">\n\t\t\t\t\t\t\t\t<div class=\"elementor-element elementor-element-e8e0c15 elementor-widget elementor-widget-text-editor\" data-id=\"e8e0c15\" data-element_type=\"widget\" data-widget_type=\"text-editor.default\">\n\t\t\t\t<div class=\"elementor-widget-container\">\n\t\t\t\t\t\t\t\t\t\t\t\t\t<\/div>\n\t\t\t\t<\/div>\n\t\t\t\t<div class=\"elementor-element elementor-element-9be8b5c elementor-widget elementor-widget-html\" data-id=\"9be8b5c\" data-element_type=\"widget\" data-widget_type=\"html.default\">\n\t\t\t\t<div class=\"elementor-widget-container\">\n\t\t\t<table class=\"rTable\" width: 100%;>\r\n        <thead>\r\n            <tr>\r\n                <th>DI\u00c2METRO (mm):<\/th>\r\n                <th>COMPRIMENTO (mm):<\/th>\r\n                <th>AMPERAGEM (A) :<\/th>\r\n                <th>EMBALAGEM (kg):<\/th>\r\n            <\/tr>\r\n        <\/thead>\r\n\r\n        <tbody>\r\n            <tr>\r\n                <td>2,50<\/td>\r\n                <td>350<\/td>\r\n                <td>90 a 120<\/td>\r\n                <td>5,00<\/td>\r\n            <\/tr>\r\n\r\n            <tr>\r\n                <td>3,25<\/td>\r\n                <td>350<\/td>\r\n                <td>120 a 210<\/td>\r\n                <td>5,00<\/td>\r\n            <\/tr>\r\n            <tr>\r\n                <td>4,00<\/td>\r\n                <td>450<\/td>\r\n                <td>190 a 230<\/td>\r\n                <td>5,00<\/td>\r\n            <\/tr>\r\n            \r\n            <tr>\r\n                <td>5,00<\/td>\r\n                <td>450<\/td>\r\n                <td>220 a 280<\/td>\r\n                <td>5,00<\/td>\r\n            <\/tr>\r\n            \r\n        <\/tbody>\r\n    <\/table>\t\t<\/div>\n\t\t\t\t<\/div>\n\t\t\t\t\t<\/div>\n\t\t<\/div>\n\t\t\t\t\t\t\t<\/div>\n\t\t<\/section>\n\t\t\t\t\t\t\t<\/div>","protected":false},"excerpt":{"rendered":"<p>ESSEN CCR 70 &#8211; PRODUTO ESPECIAL Eletrodo de alta velocidade de deposi\u00e7\u00e3o. Desenvolvido para a soldagem de a\u00e7os que operam sob altas condi\u00e7\u00f5es de resist\u00eancia e est\u00e3o sujeitos a desgaste por abras\u00e3o, este eletrodo destaca-se pelo alto teor de Carbonetos de Cromo, conferindo-lhe uma resist\u00eancia excepcional \u00e0 abras\u00e3o severa, combinada com uma m\u00e9dia capacidade de [&hellip;]<\/p>","protected":false},"author":1,"featured_media":0,"parent":0,"menu_order":0,"comment_status":"closed","ping_status":"closed","template":"","meta":{"om_disable_all_campaigns":false,"_monsterinsights_skip_tracking":false,"_monsterinsights_sitenote_active":false,"_monsterinsights_sitenote_note":"","_monsterinsights_sitenote_category":0,"footnotes":""},"class_list":["post-3477","page","type-page","status-publish","hentry"],"yoast_head":"<!-- This site is optimized with the Yoast SEO Premium plugin v19.1 (Yoast SEO v20.11) - https:\/\/yoast.com\/wordpress\/plugins\/seo\/ -->\n<title>ESSEN CCR 70 - Uniweld<\/title>\n<meta name=\"robots\" content=\"index, follow, max-snippet:-1, max-image-preview:large, max-video-preview:-1\" \/>\n<link rel=\"canonical\" href=\"https:\/\/uniweld.com.br\/es\/essen-ccr-70\/\" \/>\n<meta property=\"og:locale\" content=\"es_ES\" \/>\n<meta property=\"og:type\" content=\"article\" \/>\n<meta property=\"og:title\" content=\"ESSEN CCR 70\" \/>\n<meta property=\"og:description\" content=\"ESSEN CCR 70 &#8211; PRODUTO ESPECIAL Eletrodo de alta velocidade de deposi\u00e7\u00e3o. Desenvolvido para a soldagem de a\u00e7os que operam sob altas condi\u00e7\u00f5es de resist\u00eancia e est\u00e3o sujeitos a desgaste por abras\u00e3o, este eletrodo destaca-se pelo alto teor de Carbonetos de Cromo, conferindo-lhe uma resist\u00eancia excepcional \u00e0 abras\u00e3o severa, combinada com uma m\u00e9dia capacidade de [&hellip;]\" \/>\n<meta property=\"og:url\" content=\"https:\/\/uniweld.com.br\/es\/essen-ccr-70\/\" \/>\n<meta property=\"og:site_name\" content=\"Uniweld\" \/>\n<meta property=\"article:publisher\" content=\"https:\/\/www.facebook.com\/uniweldeletrodos\" \/>\n<meta property=\"article:modified_time\" content=\"2024-06-19T12:39:45+00:00\" \/>\n<meta name=\"twitter:card\" content=\"summary_large_image\" \/>\n<meta name=\"twitter:label1\" content=\"Tiempo de lectura\" \/>\n\t<meta name=\"twitter:data1\" content=\"2 minutos\" \/>\n<script type=\"application\/ld+json\" class=\"yoast-schema-graph\">{\"@context\":\"https:\/\/schema.org\",\"@graph\":[{\"@type\":\"WebPage\",\"@id\":\"https:\/\/uniweld.com.br\/essen-ccr-70\/\",\"url\":\"https:\/\/uniweld.com.br\/essen-ccr-70\/\",\"name\":\"ESSEN CCR 70 - Uniweld\",\"isPartOf\":{\"@id\":\"https:\/\/uniweld.com.br\/pt\/#website\"},\"datePublished\":\"2024-06-19T12:33:56+00:00\",\"dateModified\":\"2024-06-19T12:39:45+00:00\",\"breadcrumb\":{\"@id\":\"https:\/\/uniweld.com.br\/essen-ccr-70\/#breadcrumb\"},\"inLanguage\":\"es\",\"potentialAction\":[{\"@type\":\"ReadAction\",\"target\":[\"https:\/\/uniweld.com.br\/essen-ccr-70\/\"]}]},{\"@type\":\"BreadcrumbList\",\"@id\":\"https:\/\/uniweld.com.br\/essen-ccr-70\/#breadcrumb\",\"itemListElement\":[{\"@type\":\"ListItem\",\"position\":1,\"name\":\"In\u00edcio\",\"item\":\"https:\/\/uniweld.com.br\/\"},{\"@type\":\"ListItem\",\"position\":2,\"name\":\"ESSEN CCR 70\"}]},{\"@type\":\"WebSite\",\"@id\":\"https:\/\/uniweld.com.br\/pt\/#website\",\"url\":\"https:\/\/uniweld.com.br\/pt\/\",\"name\":\"Uniweld\",\"description\":\"Industria e Fabricante de Eletrodos e Arames Tubulares\",\"potentialAction\":[{\"@type\":\"SearchAction\",\"target\":{\"@type\":\"EntryPoint\",\"urlTemplate\":\"https:\/\/uniweld.com.br\/pt\/?s={search_term_string}\"},\"query-input\":\"required name=search_term_string\"}],\"inLanguage\":\"es\"}]}<\/script>\n<!-- \/ Yoast SEO Premium plugin. -->","yoast_head_json":{"title":"ESSEN CCR 70 - Uniweld","robots":{"index":"index","follow":"follow","max-snippet":"max-snippet:-1","max-image-preview":"max-image-preview:large","max-video-preview":"max-video-preview:-1"},"canonical":"https:\/\/uniweld.com.br\/es\/essen-ccr-70\/","og_locale":"es_ES","og_type":"article","og_title":"ESSEN CCR 70","og_description":"ESSEN CCR 70 &#8211; PRODUTO ESPECIAL Eletrodo de alta velocidade de deposi\u00e7\u00e3o. Desenvolvido para a soldagem de a\u00e7os que operam sob altas condi\u00e7\u00f5es de resist\u00eancia e est\u00e3o sujeitos a desgaste por abras\u00e3o, este eletrodo destaca-se pelo alto teor de Carbonetos de Cromo, conferindo-lhe uma resist\u00eancia excepcional \u00e0 abras\u00e3o severa, combinada com uma m\u00e9dia capacidade de [&hellip;]","og_url":"https:\/\/uniweld.com.br\/es\/essen-ccr-70\/","og_site_name":"Uniweld","article_publisher":"https:\/\/www.facebook.com\/uniweldeletrodos","article_modified_time":"2024-06-19T12:39:45+00:00","twitter_card":"summary_large_image","twitter_misc":{"Tiempo de lectura":"2 minutos"},"schema":{"@context":"https:\/\/schema.org","@graph":[{"@type":"WebPage","@id":"https:\/\/uniweld.com.br\/essen-ccr-70\/","url":"https:\/\/uniweld.com.br\/essen-ccr-70\/","name":"ESSEN CCR 70 - Uniweld","isPartOf":{"@id":"https:\/\/uniweld.com.br\/pt\/#website"},"datePublished":"2024-06-19T12:33:56+00:00","dateModified":"2024-06-19T12:39:45+00:00","breadcrumb":{"@id":"https:\/\/uniweld.com.br\/essen-ccr-70\/#breadcrumb"},"inLanguage":"es","potentialAction":[{"@type":"ReadAction","target":["https:\/\/uniweld.com.br\/essen-ccr-70\/"]}]},{"@type":"BreadcrumbList","@id":"https:\/\/uniweld.com.br\/essen-ccr-70\/#breadcrumb","itemListElement":[{"@type":"ListItem","position":1,"name":"In\u00edcio","item":"https:\/\/uniweld.com.br\/"},{"@type":"ListItem","position":2,"name":"ESSEN CCR 70"}]},{"@type":"WebSite","@id":"https:\/\/uniweld.com.br\/pt\/#website","url":"https:\/\/uniweld.com.br\/pt\/","name":"Uniweld","description":"Industria e Fabricante de Eletrodos e Arames Tubulares","potentialAction":[{"@type":"SearchAction","target":{"@type":"EntryPoint","urlTemplate":"https:\/\/uniweld.com.br\/pt\/?s={search_term_string}"},"query-input":"required name=search_term_string"}],"inLanguage":"es"}]}},"_links":{"self":[{"href":"https:\/\/uniweld.com.br\/es\/wp-json\/wp\/v2\/pages\/3477","targetHints":{"allow":["GET"]}}],"collection":[{"href":"https:\/\/uniweld.com.br\/es\/wp-json\/wp\/v2\/pages"}],"about":[{"href":"https:\/\/uniweld.com.br\/es\/wp-json\/wp\/v2\/types\/page"}],"author":[{"embeddable":true,"href":"https:\/\/uniweld.com.br\/es\/wp-json\/wp\/v2\/users\/1"}],"replies":[{"embeddable":true,"href":"https:\/\/uniweld.com.br\/es\/wp-json\/wp\/v2\/comments?post=3477"}],"version-history":[{"count":4,"href":"https:\/\/uniweld.com.br\/es\/wp-json\/wp\/v2\/pages\/3477\/revisions"}],"predecessor-version":[{"id":3482,"href":"https:\/\/uniweld.com.br\/es\/wp-json\/wp\/v2\/pages\/3477\/revisions\/3482"}],"wp:attachment":[{"href":"https:\/\/uniweld.com.br\/es\/wp-json\/wp\/v2\/media?parent=3477"}],"curies":[{"name":"wp","href":"https:\/\/api.w.org\/{rel}","templated":true}]}}