{"id":3650,"date":"2024-06-20T08:39:28","date_gmt":"2024-06-20T11:39:28","guid":{"rendered":"https:\/\/mediumturquoise-llama-533337.hostingersite.com\/?page_id=3650"},"modified":"2024-06-20T08:43:54","modified_gmt":"2024-06-20T11:43:54","slug":"essen-b-26","status":"publish","type":"page","link":"https:\/\/uniweld.com.br\/es\/essen-b-26\/","title":{"rendered":"ESSEN B 26"},"content":{"rendered":"<div data-elementor-type=\"wp-page\" data-elementor-id=\"3650\" class=\"elementor elementor-3650\" data-elementor-post-type=\"page\">\n\t\t\t\t\t\t\t\t\t<section class=\"elementor-section elementor-top-section elementor-element elementor-element-7ce025be elementor-section-boxed elementor-section-height-default elementor-section-height-default tf-sticky-section tf-sticky-no\" data-id=\"7ce025be\" data-element_type=\"section\" data-settings=\"{&quot;tf_sticky&quot;:&quot;no&quot;}\">\n\t\t\t\t\t\t<div class=\"elementor-container elementor-column-gap-default\">\n\t\t\t\t\t<div class=\"elementor-column elementor-col-100 elementor-top-column elementor-element elementor-element-46461e97\" data-id=\"46461e97\" data-element_type=\"column\">\n\t\t\t<div class=\"elementor-widget-wrap elementor-element-populated\">\n\t\t\t\t\t\t\t\t<div class=\"elementor-element elementor-element-40595e3c elementor-widget elementor-widget-text-editor\" data-id=\"40595e3c\" data-element_type=\"widget\" data-widget_type=\"text-editor.default\">\n\t\t\t\t<div class=\"elementor-widget-container\">\n\t\t\t<style>\/*! elementor - v3.14.0 - 26-06-2023 *\/\n.elementor-widget-text-editor.elementor-drop-cap-view-stacked .elementor-drop-cap{background-color:#69727d;color:#fff}.elementor-widget-text-editor.elementor-drop-cap-view-framed .elementor-drop-cap{color:#69727d;border:3px solid;background-color:transparent}.elementor-widget-text-editor:not(.elementor-drop-cap-view-default) .elementor-drop-cap{margin-top:8px}.elementor-widget-text-editor:not(.elementor-drop-cap-view-default) .elementor-drop-cap-letter{width:1em;height:1em}.elementor-widget-text-editor .elementor-drop-cap{float:left;text-align:center;line-height:1;font-size:50px}.elementor-widget-text-editor .elementor-drop-cap-letter{display:inline-block}<\/style>\t\t\t\t<p><!-- wp:heading --><\/p>\n<h2>ESSEN B 26 &#8211; AWS ECUSN-C<\/h2>\n<p><!-- \/wp:heading --><!-- wp:paragraph --><\/p>\n<p>ECuAl-A2-Eletrodo revestido de bronze. Eletrodo especial de bronze-alum\u00ednio para revestimento antifric\u00e7\u00e3o, cavita\u00e7\u00e3o e corros\u00e3o, tamb\u00e9m \u00e9 ideal para a uni\u00e3o de alta resist\u00eancia em pe\u00e7as de recipientes de bronze-alum\u00ednio e para soldagem de cobre com a\u00e7os. Trata-se de um eletrodo especial para multimateriais. Indicados para metais base: Cobre e suas ligas \u2013 lat\u00e3o \u2013 bronze &#8211; alpaca A\u00e7o: fundido \u2013 laminado &#8211; forjado Ferro: laminado \u2013 fundido \u2013 galvanizado.<\/p>\n<p><!-- \/wp:paragraph --><!-- wp:heading --><\/p>\n<h2>Ficha t\u00e9cnica<\/h2>\n<p>Clique <a href=\"https:\/\/uniweld.com.br\/wp-content\/uploads\/2024\/05\/Ficha-Tecnica-ESSEN-B-26.pdf\"><strong>aqui<\/strong><\/a> para baixar a ficha t\u00e9cnica<\/p>\n<h2>Indica\u00e7\u00f5es<\/h2>\n<ul>\n<li>Bronze-alum\u00ednio (at\u00e9 10% de Al);<\/li>\n<li>Carca\u00e7as e pe\u00e7as de bombas para \u00e1cidos;<\/li>\n<li>H\u00e9lices e pe\u00e7as de navios sujeitas a corros\u00e3o por \u00e1gua salgada;<\/li>\n<li>Ind\u00fastrias petroqu\u00edmicas;<\/li>\n<li>Ind\u00fastrias automobil\u00edsticas;<\/li>\n<li>Ind\u00fastrias naval;<\/li>\n<li>Ind\u00fastrias minera\u00e7\u00e3o;<\/li>\n<li>Ind\u00fastrias terraplenagem;<\/li>\n<li>Ind\u00fastrias barragem;<\/li>\n<li>Ind\u00fastrias\u00a0 A\u00e7ucareira;<\/li>\n<li>Ind\u00fastrias \u00e1lcool;<\/li>\n<li>Ind\u00fastrias frigor\u00edfica;<\/li>\n<li>Ind\u00fastrias hidro;<\/li>\n<li>Ind\u00fastrias termoel\u00e9trica;<\/li>\n<li>Ind\u00fastrias eletr\u00f4nica;<\/li>\n<li>Ind\u00fastrias t\u00eaxtil;<\/li>\n<\/ul>\n<h2>Caracter\u00edstica<\/h2>\n<p><!-- \/wp:paragraph --><\/p>\t\t\t\t\t\t<\/div>\n\t\t\t\t<\/div>\n\t\t\t\t\t<\/div>\n\t\t<\/div>\n\t\t\t\t\t\t\t<\/div>\n\t\t<\/section>\n\t\t\t\t<section class=\"elementor-section elementor-top-section elementor-element elementor-element-e7d2be5 elementor-section-boxed elementor-section-height-default elementor-section-height-default tf-sticky-section tf-sticky-no\" data-id=\"e7d2be5\" data-element_type=\"section\" data-settings=\"{&quot;tf_sticky&quot;:&quot;no&quot;}\">\n\t\t\t\t\t\t<div class=\"elementor-container elementor-column-gap-default\">\n\t\t\t\t\t<div class=\"elementor-column elementor-col-100 elementor-top-column elementor-element elementor-element-a281fa1\" data-id=\"a281fa1\" data-element_type=\"column\">\n\t\t\t<div class=\"elementor-widget-wrap elementor-element-populated\">\n\t\t\t\t\t\t\t\t<div class=\"elementor-element elementor-element-9be8b5c elementor-widget elementor-widget-html\" data-id=\"9be8b5c\" data-element_type=\"widget\" data-widget_type=\"html.default\">\n\t\t\t\t<div class=\"elementor-widget-container\">\n\t\t\t<table class=\"rTable\" width: 100%;>\r\n        <thead>\r\n            <tr>\r\n                <th>DI\u00c2METRO (mm):<\/th>\r\n                <th>COMPRIMENTO (mm):<\/th>\r\n                <th>AMPERAGEM (A) :<\/th>\r\n                <th>EMBALAGEM (kg):<\/th>\r\n            <\/tr>\r\n        <\/thead>\r\n\r\n        <tbody>\r\n            <tr>\r\n                <td>2,50<\/td>\r\n                <td>350<\/td>\r\n                <td>40 a 65<\/td>\r\n                <td>5,00<\/td>\r\n            <\/tr>\r\n\r\n            <tr>\r\n                <td>3,25<\/td>\r\n                <td>350<\/td>\r\n                <td>90 a 130<\/td>\r\n                <td>5,00<\/td>\r\n            <\/tr>\r\n            <tr>\r\n                <td>4,00<\/td>\r\n                <td>350<\/td>\r\n                <td>130 a 170<\/td>\r\n                <td>5,00<\/td>\r\n            <\/tr>\r\n<tr>\r\n                <td>5,00<\/td>\r\n                <td>450<\/td>\r\n                <td>160 a 200<\/td>\r\n                <td>5,00<\/td>\r\n            <\/tr>\r\n\r\n        <\/tbody>\r\n    <\/table>\t\t<\/div>\n\t\t\t\t<\/div>\n\t\t\t\t\t<\/div>\n\t\t<\/div>\n\t\t\t\t\t\t\t<\/div>\n\t\t<\/section>\n\t\t\t\t\t\t\t<\/div>","protected":false},"excerpt":{"rendered":"<p>ESSEN B 26 &#8211; AWS ECUSN-C ECuAl-A2-Eletrodo revestido de bronze. Eletrodo especial de bronze-alum\u00ednio para revestimento antifric\u00e7\u00e3o, cavita\u00e7\u00e3o e corros\u00e3o, tamb\u00e9m \u00e9 ideal para a uni\u00e3o de alta resist\u00eancia em pe\u00e7as de recipientes de bronze-alum\u00ednio e para soldagem de cobre com a\u00e7os. Trata-se de um eletrodo especial para multimateriais. Indicados para metais base: Cobre e [&hellip;]<\/p>","protected":false},"author":1,"featured_media":0,"parent":0,"menu_order":0,"comment_status":"closed","ping_status":"closed","template":"","meta":{"om_disable_all_campaigns":false,"_monsterinsights_skip_tracking":false,"_monsterinsights_sitenote_active":false,"_monsterinsights_sitenote_note":"","_monsterinsights_sitenote_category":0,"footnotes":""},"class_list":["post-3650","page","type-page","status-publish","hentry"],"yoast_head":"<!-- This site is optimized with the Yoast SEO Premium plugin v19.1 (Yoast SEO v20.11) - https:\/\/yoast.com\/wordpress\/plugins\/seo\/ -->\n<title>ESSEN B 26 - Uniweld<\/title>\n<meta name=\"robots\" content=\"index, follow, max-snippet:-1, max-image-preview:large, max-video-preview:-1\" \/>\n<link rel=\"canonical\" href=\"https:\/\/uniweld.com.br\/es\/essen-b-26\/\" \/>\n<meta property=\"og:locale\" content=\"es_ES\" \/>\n<meta property=\"og:type\" content=\"article\" \/>\n<meta property=\"og:title\" content=\"ESSEN B 26\" \/>\n<meta property=\"og:description\" content=\"ESSEN B 26 &#8211; AWS ECUSN-C ECuAl-A2-Eletrodo revestido de bronze. Eletrodo especial de bronze-alum\u00ednio para revestimento antifric\u00e7\u00e3o, cavita\u00e7\u00e3o e corros\u00e3o, tamb\u00e9m \u00e9 ideal para a uni\u00e3o de alta resist\u00eancia em pe\u00e7as de recipientes de bronze-alum\u00ednio e para soldagem de cobre com a\u00e7os. Trata-se de um eletrodo especial para multimateriais. Indicados para metais base: Cobre e [&hellip;]\" \/>\n<meta property=\"og:url\" content=\"https:\/\/uniweld.com.br\/es\/essen-b-26\/\" \/>\n<meta property=\"og:site_name\" content=\"Uniweld\" \/>\n<meta property=\"article:publisher\" content=\"https:\/\/www.facebook.com\/uniweldeletrodos\" \/>\n<meta property=\"article:modified_time\" content=\"2024-06-20T11:43:54+00:00\" \/>\n<meta name=\"twitter:card\" content=\"summary_large_image\" \/>\n<meta name=\"twitter:label1\" content=\"Tiempo de lectura\" \/>\n\t<meta name=\"twitter:data1\" content=\"1 minuto\" \/>\n<script type=\"application\/ld+json\" class=\"yoast-schema-graph\">{\"@context\":\"https:\/\/schema.org\",\"@graph\":[{\"@type\":\"WebPage\",\"@id\":\"https:\/\/uniweld.com.br\/essen-b-26\/\",\"url\":\"https:\/\/uniweld.com.br\/essen-b-26\/\",\"name\":\"ESSEN B 26 - Uniweld\",\"isPartOf\":{\"@id\":\"https:\/\/uniweld.com.br\/pt\/#website\"},\"datePublished\":\"2024-06-20T11:39:28+00:00\",\"dateModified\":\"2024-06-20T11:43:54+00:00\",\"breadcrumb\":{\"@id\":\"https:\/\/uniweld.com.br\/essen-b-26\/#breadcrumb\"},\"inLanguage\":\"es\",\"potentialAction\":[{\"@type\":\"ReadAction\",\"target\":[\"https:\/\/uniweld.com.br\/essen-b-26\/\"]}]},{\"@type\":\"BreadcrumbList\",\"@id\":\"https:\/\/uniweld.com.br\/essen-b-26\/#breadcrumb\",\"itemListElement\":[{\"@type\":\"ListItem\",\"position\":1,\"name\":\"In\u00edcio\",\"item\":\"https:\/\/uniweld.com.br\/\"},{\"@type\":\"ListItem\",\"position\":2,\"name\":\"ESSEN B 26\"}]},{\"@type\":\"WebSite\",\"@id\":\"https:\/\/uniweld.com.br\/pt\/#website\",\"url\":\"https:\/\/uniweld.com.br\/pt\/\",\"name\":\"Uniweld\",\"description\":\"Industria e Fabricante de Eletrodos e Arames Tubulares\",\"potentialAction\":[{\"@type\":\"SearchAction\",\"target\":{\"@type\":\"EntryPoint\",\"urlTemplate\":\"https:\/\/uniweld.com.br\/pt\/?s={search_term_string}\"},\"query-input\":\"required name=search_term_string\"}],\"inLanguage\":\"es\"}]}<\/script>\n<!-- \/ Yoast SEO Premium plugin. -->","yoast_head_json":{"title":"ESSEN B 26 - Uniweld","robots":{"index":"index","follow":"follow","max-snippet":"max-snippet:-1","max-image-preview":"max-image-preview:large","max-video-preview":"max-video-preview:-1"},"canonical":"https:\/\/uniweld.com.br\/es\/essen-b-26\/","og_locale":"es_ES","og_type":"article","og_title":"ESSEN B 26","og_description":"ESSEN B 26 &#8211; AWS ECUSN-C ECuAl-A2-Eletrodo revestido de bronze. Eletrodo especial de bronze-alum\u00ednio para revestimento antifric\u00e7\u00e3o, cavita\u00e7\u00e3o e corros\u00e3o, tamb\u00e9m \u00e9 ideal para a uni\u00e3o de alta resist\u00eancia em pe\u00e7as de recipientes de bronze-alum\u00ednio e para soldagem de cobre com a\u00e7os. Trata-se de um eletrodo especial para multimateriais. Indicados para metais base: Cobre e [&hellip;]","og_url":"https:\/\/uniweld.com.br\/es\/essen-b-26\/","og_site_name":"Uniweld","article_publisher":"https:\/\/www.facebook.com\/uniweldeletrodos","article_modified_time":"2024-06-20T11:43:54+00:00","twitter_card":"summary_large_image","twitter_misc":{"Tiempo de lectura":"1 minuto"},"schema":{"@context":"https:\/\/schema.org","@graph":[{"@type":"WebPage","@id":"https:\/\/uniweld.com.br\/essen-b-26\/","url":"https:\/\/uniweld.com.br\/essen-b-26\/","name":"ESSEN B 26 - Uniweld","isPartOf":{"@id":"https:\/\/uniweld.com.br\/pt\/#website"},"datePublished":"2024-06-20T11:39:28+00:00","dateModified":"2024-06-20T11:43:54+00:00","breadcrumb":{"@id":"https:\/\/uniweld.com.br\/essen-b-26\/#breadcrumb"},"inLanguage":"es","potentialAction":[{"@type":"ReadAction","target":["https:\/\/uniweld.com.br\/essen-b-26\/"]}]},{"@type":"BreadcrumbList","@id":"https:\/\/uniweld.com.br\/essen-b-26\/#breadcrumb","itemListElement":[{"@type":"ListItem","position":1,"name":"In\u00edcio","item":"https:\/\/uniweld.com.br\/"},{"@type":"ListItem","position":2,"name":"ESSEN B 26"}]},{"@type":"WebSite","@id":"https:\/\/uniweld.com.br\/pt\/#website","url":"https:\/\/uniweld.com.br\/pt\/","name":"Uniweld","description":"Industria e Fabricante de Eletrodos e Arames Tubulares","potentialAction":[{"@type":"SearchAction","target":{"@type":"EntryPoint","urlTemplate":"https:\/\/uniweld.com.br\/pt\/?s={search_term_string}"},"query-input":"required name=search_term_string"}],"inLanguage":"es"}]}},"_links":{"self":[{"href":"https:\/\/uniweld.com.br\/es\/wp-json\/wp\/v2\/pages\/3650","targetHints":{"allow":["GET"]}}],"collection":[{"href":"https:\/\/uniweld.com.br\/es\/wp-json\/wp\/v2\/pages"}],"about":[{"href":"https:\/\/uniweld.com.br\/es\/wp-json\/wp\/v2\/types\/page"}],"author":[{"embeddable":true,"href":"https:\/\/uniweld.com.br\/es\/wp-json\/wp\/v2\/users\/1"}],"replies":[{"embeddable":true,"href":"https:\/\/uniweld.com.br\/es\/wp-json\/wp\/v2\/comments?post=3650"}],"version-history":[{"count":5,"href":"https:\/\/uniweld.com.br\/es\/wp-json\/wp\/v2\/pages\/3650\/revisions"}],"predecessor-version":[{"id":3656,"href":"https:\/\/uniweld.com.br\/es\/wp-json\/wp\/v2\/pages\/3650\/revisions\/3656"}],"wp:attachment":[{"href":"https:\/\/uniweld.com.br\/es\/wp-json\/wp\/v2\/media?parent=3650"}],"curies":[{"name":"wp","href":"https:\/\/api.w.org\/{rel}","templated":true}]}}