{"id":2801,"date":"2024-06-14T09:44:48","date_gmt":"2024-06-14T12:44:48","guid":{"rendered":"https:\/\/mediumturquoise-llama-533337.hostingersite.com\/?page_id=2801"},"modified":"2024-06-14T10:12:43","modified_gmt":"2024-06-14T13:12:43","slug":"essen-cn-39-lti","status":"publish","type":"page","link":"https:\/\/uniweld.com.br\/pt\/essen-cn-39-lti\/","title":{"rendered":"ESSEN CN 39 LTi"},"content":{"rendered":"\t\t<div data-elementor-type=\"wp-page\" data-elementor-id=\"2801\" class=\"elementor elementor-2801\" data-elementor-post-type=\"page\">\n\t\t\t\t\t\t\t\t\t<section class=\"elementor-section elementor-top-section elementor-element elementor-element-7ce025be elementor-section-boxed elementor-section-height-default elementor-section-height-default tf-sticky-section tf-sticky-no\" data-id=\"7ce025be\" data-element_type=\"section\" data-settings=\"{&quot;tf_sticky&quot;:&quot;no&quot;}\">\n\t\t\t\t\t\t<div class=\"elementor-container elementor-column-gap-default\">\n\t\t\t\t\t<div class=\"elementor-column elementor-col-100 elementor-top-column elementor-element elementor-element-46461e97\" data-id=\"46461e97\" data-element_type=\"column\">\n\t\t\t<div class=\"elementor-widget-wrap elementor-element-populated\">\n\t\t\t\t\t\t\t\t<div class=\"elementor-element elementor-element-40595e3c elementor-widget elementor-widget-text-editor\" data-id=\"40595e3c\" data-element_type=\"widget\" data-widget_type=\"text-editor.default\">\n\t\t\t\t<div class=\"elementor-widget-container\">\n\t\t\t<style>\/*! elementor - v3.14.0 - 26-06-2023 *\/\n.elementor-widget-text-editor.elementor-drop-cap-view-stacked .elementor-drop-cap{background-color:#69727d;color:#fff}.elementor-widget-text-editor.elementor-drop-cap-view-framed .elementor-drop-cap{color:#69727d;border:3px solid;background-color:transparent}.elementor-widget-text-editor:not(.elementor-drop-cap-view-default) .elementor-drop-cap{margin-top:8px}.elementor-widget-text-editor:not(.elementor-drop-cap-view-default) .elementor-drop-cap-letter{width:1em;height:1em}.elementor-widget-text-editor .elementor-drop-cap{float:left;text-align:center;line-height:1;font-size:50px}.elementor-widget-text-editor .elementor-drop-cap-letter{display:inline-block}<\/style>\t\t\t\t<p><!-- wp:heading --><\/p>\n<h2>ESSEN CN 39 LTi- AWS 309L-16<\/h2>\n<p><!-- \/wp:heading --><!-- wp:paragraph --><\/p>\n<p>Eletrodo especial desenvolvido para a soldagem de a\u00e7os inoxid\u00e1veis altamente resistentes a condi\u00e7\u00f5es severas de corros\u00e3o.<\/p>\n<p><!-- \/wp:paragraph --><!-- wp:heading --><\/p>\n<h2>Ficha T\u00e9cnica<\/h2>\n<p>Clique <a href=\"https:\/\/uniweld.com.br\/wp-content\/uploads\/2024\/05\/Ficha-Tecnica-ESSEN-CN-39-L-TI.pdf\"><strong>aqui<\/strong><\/a> para baixar a ficha t\u00e9cnica<\/p>\n<h2>Indica\u00e7\u00f5es<\/h2>\n<ul>\n<li>A\u00e7os;<\/li>\n<li>A\u00e7os Fundidos com teor de cromo\/n\u00edquel;<\/li>\n<\/ul>\n<h2>Caracter\u00edstica<\/h2>\n<p><!-- \/wp:paragraph --><\/p>\t\t\t\t\t\t<\/div>\n\t\t\t\t<\/div>\n\t\t\t\t\t<\/div>\n\t\t<\/div>\n\t\t\t\t\t\t\t<\/div>\n\t\t<\/section>\n\t\t\t\t<section class=\"elementor-section elementor-top-section elementor-element elementor-element-e7d2be5 elementor-section-boxed elementor-section-height-default elementor-section-height-default tf-sticky-section tf-sticky-no\" data-id=\"e7d2be5\" data-element_type=\"section\" data-settings=\"{&quot;tf_sticky&quot;:&quot;no&quot;}\">\n\t\t\t\t\t\t<div class=\"elementor-container elementor-column-gap-default\">\n\t\t\t\t\t<div class=\"elementor-column elementor-col-100 elementor-top-column elementor-element elementor-element-a281fa1\" data-id=\"a281fa1\" data-element_type=\"column\">\n\t\t\t<div class=\"elementor-widget-wrap elementor-element-populated\">\n\t\t\t\t\t\t\t\t<div class=\"elementor-element elementor-element-e8e0c15 elementor-widget elementor-widget-text-editor\" data-id=\"e8e0c15\" data-element_type=\"widget\" data-widget_type=\"text-editor.default\">\n\t\t\t\t<div class=\"elementor-widget-container\">\n\t\t\t\t\t\t\t\t\t\t\t\t\t<\/div>\n\t\t\t\t<\/div>\n\t\t\t\t<div class=\"elementor-element elementor-element-9be8b5c elementor-widget elementor-widget-html\" data-id=\"9be8b5c\" data-element_type=\"widget\" data-widget_type=\"html.default\">\n\t\t\t\t<div class=\"elementor-widget-container\">\n\t\t\t<table class=\"rTable\" width: 100%;>\r\n        <thead>\r\n            <tr>\r\n                <th>DI\u00c2METRO (mm):<\/th>\r\n                <th>COMPRIMENTO (mm):<\/th>\r\n                <th>AMPERAGEM (A) :<\/th>\r\n                <th>EMBALAGEM (kg):<\/th>\r\n            <\/tr>\r\n        <\/thead>\r\n\r\n        <tbody>\r\n            <tr>\r\n                <td>2,00<\/td>\r\n                <td>300<\/td>\r\n                <td>40 a 70<\/td>\r\n                <td>4,00<\/td>\r\n            <\/tr>\r\n\r\n            <tr>\r\n                <td>2,50<\/td>\r\n                <td>300<\/td>\r\n                <td>60 a 90<\/td>\r\n                <td>5,00<\/td>\r\n            <\/tr>\r\n            <tr>\r\n                <td>3,25<\/td>\r\n                <td>350<\/td>\r\n                <td>90 a 140<\/td>\r\n                <td>5,00<\/td>\r\n            <\/tr>\r\n<tr>\r\n                <td>4,00<\/td>\r\n                <td>350<\/td>\r\n                <td>130 a 180<\/td>\r\n                <td>5,00<\/td>\r\n            <\/tr>\r\n\r\n        <\/tbody>\r\n    <\/table>\t\t<\/div>\n\t\t\t\t<\/div>\n\t\t\t\t\t<\/div>\n\t\t<\/div>\n\t\t\t\t\t\t\t<\/div>\n\t\t<\/section>\n\t\t\t\t<section class=\"elementor-section elementor-top-section elementor-element elementor-element-ba0cdf4 elementor-section-boxed elementor-section-height-default elementor-section-height-default tf-sticky-section tf-sticky-no\" data-id=\"ba0cdf4\" data-element_type=\"section\" data-settings=\"{&quot;tf_sticky&quot;:&quot;no&quot;}\">\n\t\t\t\t\t\t<div class=\"elementor-container elementor-column-gap-default\">\n\t\t\t\t\t<div class=\"elementor-column elementor-col-100 elementor-top-column elementor-element elementor-element-65f549f\" data-id=\"65f549f\" data-element_type=\"column\">\n\t\t\t<div class=\"elementor-widget-wrap elementor-element-populated\">\n\t\t\t\t\t\t\t\t<div class=\"elementor-element elementor-element-d17ed00 elementor-widget elementor-widget-heading\" data-id=\"d17ed00\" data-element_type=\"widget\" data-widget_type=\"heading.default\">\n\t\t\t\t<div class=\"elementor-widget-container\">\n\t\t\t<style>\/*! elementor - v3.14.0 - 26-06-2023 *\/\n.elementor-heading-title{padding:0;margin:0;line-height:1}.elementor-widget-heading .elementor-heading-title[class*=elementor-size-]>a{color:inherit;font-size:inherit;line-height:inherit}.elementor-widget-heading .elementor-heading-title.elementor-size-small{font-size:15px}.elementor-widget-heading .elementor-heading-title.elementor-size-medium{font-size:19px}.elementor-widget-heading .elementor-heading-title.elementor-size-large{font-size:29px}.elementor-widget-heading .elementor-heading-title.elementor-size-xl{font-size:39px}.elementor-widget-heading .elementor-heading-title.elementor-size-xxl{font-size:59px}<\/style><h2 class=\"elementor-heading-title elementor-size-default\"><h2 style=\"white-space-collapse: collapse;\">Fotos<\/h2><\/h2>\t\t<\/div>\n\t\t\t\t<\/div>\n\t\t\t\t\t<\/div>\n\t\t<\/div>\n\t\t\t\t\t\t\t<\/div>\n\t\t<\/section>\n\t\t\t\t<section class=\"elementor-section elementor-top-section elementor-element elementor-element-4f646fd elementor-section-boxed elementor-section-height-default elementor-section-height-default tf-sticky-section tf-sticky-no\" data-id=\"4f646fd\" data-element_type=\"section\" data-settings=\"{&quot;tf_sticky&quot;:&quot;no&quot;}\">\n\t\t\t\t\t\t<div class=\"elementor-container elementor-column-gap-default\">\n\t\t\t\t\t<div class=\"elementor-column elementor-col-100 elementor-top-column elementor-element elementor-element-3b34d28\" data-id=\"3b34d28\" data-element_type=\"column\">\n\t\t\t<div class=\"elementor-widget-wrap elementor-element-populated\">\n\t\t\t\t\t\t\t\t<div class=\"elementor-element elementor-element-20e3779 elementor-widget elementor-widget-image\" data-id=\"20e3779\" data-element_type=\"widget\" data-widget_type=\"image.default\">\n\t\t\t\t<div class=\"elementor-widget-container\">\n\t\t\t<style>\/*! elementor - v3.14.0 - 26-06-2023 *\/\n.elementor-widget-image{text-align:center}.elementor-widget-image a{display:inline-block}.elementor-widget-image a img[src$=\".svg\"]{width:48px}.elementor-widget-image img{vertical-align:middle;display:inline-block}<\/style>\t\t\t\t\t\t\t\t\t\t\t\t<img loading=\"lazy\" decoding=\"async\" width=\"200\" height=\"300\" src=\"https:\/\/uniweld.com.br\/wp-content\/uploads\/2024\/06\/IMG_9618_2-200x300.png\" class=\"attachment-medium size-medium wp-image-2806\" alt=\"\" srcset=\"https:\/\/uniweld.com.br\/wp-content\/uploads\/2024\/06\/IMG_9618_2-200x300.png 200w, https:\/\/uniweld.com.br\/wp-content\/uploads\/2024\/06\/IMG_9618_2-683x1024.png 683w, https:\/\/uniweld.com.br\/wp-content\/uploads\/2024\/06\/IMG_9618_2-768x1152.png 768w, https:\/\/uniweld.com.br\/wp-content\/uploads\/2024\/06\/IMG_9618_2-1024x1536.png 1024w, https:\/\/uniweld.com.br\/wp-content\/uploads\/2024\/06\/IMG_9618_2-1365x2048.png 1365w, https:\/\/uniweld.com.br\/wp-content\/uploads\/2024\/06\/IMG_9618_2-8x12.png 8w\" sizes=\"auto, (max-width: 200px) 100vw, 200px\" \/>\t\t\t\t\t\t\t\t\t\t\t\t\t\t\t<\/div>\n\t\t\t\t<\/div>\n\t\t\t\t\t<\/div>\n\t\t<\/div>\n\t\t\t\t\t\t\t<\/div>\n\t\t<\/section>\n\t\t\t\t\t\t\t<\/div>\n\t\t","protected":false},"excerpt":{"rendered":"<p>ESSEN CN 39 LTi- AWS 309L-16 Eletrodo especial desenvolvido para a soldagem de a\u00e7os inoxid\u00e1veis altamente resistentes a condi\u00e7\u00f5es severas de corros\u00e3o. Ficha T\u00e9cnica Clique aqui para baixar a ficha t\u00e9cnica Indica\u00e7\u00f5es A\u00e7os; A\u00e7os Fundidos com teor de cromo\/n\u00edquel; Caracter\u00edstica DI\u00c2METRO (mm): COMPRIMENTO (mm): AMPERAGEM (A) : EMBALAGEM (kg): 2,00 300 40 a 70 4,00 [&hellip;]<\/p>\n","protected":false},"author":1,"featured_media":0,"parent":0,"menu_order":0,"comment_status":"closed","ping_status":"closed","template":"","meta":{"om_disable_all_campaigns":false,"_monsterinsights_skip_tracking":false,"_monsterinsights_sitenote_active":false,"_monsterinsights_sitenote_note":"","_monsterinsights_sitenote_category":0,"footnotes":""},"class_list":["post-2801","page","type-page","status-publish","hentry"],"yoast_head":"<!-- This site is optimized with the Yoast SEO Premium plugin v19.1 (Yoast SEO v20.11) - https:\/\/yoast.com\/wordpress\/plugins\/seo\/ -->\n<title>ESSEN CN 39 LTi - Uniweld<\/title>\n<meta name=\"robots\" content=\"index, follow, max-snippet:-1, max-image-preview:large, max-video-preview:-1\" \/>\n<link rel=\"canonical\" href=\"https:\/\/uniweld.com.br\/pt\/essen-cn-39-lti\/\" \/>\n<meta property=\"og:locale\" content=\"pt_BR\" \/>\n<meta property=\"og:type\" content=\"article\" \/>\n<meta property=\"og:title\" content=\"ESSEN CN 39 LTi\" \/>\n<meta property=\"og:description\" content=\"ESSEN CN 39 LTi- AWS 309L-16 Eletrodo especial desenvolvido para a soldagem de a\u00e7os inoxid\u00e1veis altamente resistentes a condi\u00e7\u00f5es severas de corros\u00e3o. Ficha T\u00e9cnica Clique aqui para baixar a ficha t\u00e9cnica Indica\u00e7\u00f5es A\u00e7os; A\u00e7os Fundidos com teor de cromo\/n\u00edquel; Caracter\u00edstica DI\u00c2METRO (mm): COMPRIMENTO (mm): AMPERAGEM (A) : EMBALAGEM (kg): 2,00 300 40 a 70 4,00 [&hellip;]\" \/>\n<meta property=\"og:url\" content=\"https:\/\/uniweld.com.br\/pt\/essen-cn-39-lti\/\" \/>\n<meta property=\"og:site_name\" content=\"Uniweld\" \/>\n<meta property=\"article:publisher\" content=\"https:\/\/www.facebook.com\/uniweldeletrodos\" \/>\n<meta property=\"article:modified_time\" content=\"2024-06-14T13:12:43+00:00\" \/>\n<meta property=\"og:image\" content=\"https:\/\/uniweld.com.br\/wp-content\/uploads\/2024\/06\/IMG_9618_2-200x300.png\" \/>\n<meta name=\"twitter:card\" content=\"summary_large_image\" \/>\n<meta name=\"twitter:label1\" content=\"Est. tempo de leitura\" \/>\n\t<meta name=\"twitter:data1\" content=\"1 minuto\" \/>\n<script type=\"application\/ld+json\" class=\"yoast-schema-graph\">{\"@context\":\"https:\/\/schema.org\",\"@graph\":[{\"@type\":\"WebPage\",\"@id\":\"https:\/\/uniweld.com.br\/essen-cn-39-lti\/\",\"url\":\"https:\/\/uniweld.com.br\/essen-cn-39-lti\/\",\"name\":\"ESSEN CN 39 LTi - Uniweld\",\"isPartOf\":{\"@id\":\"https:\/\/uniweld.com.br\/pt\/#website\"},\"datePublished\":\"2024-06-14T12:44:48+00:00\",\"dateModified\":\"2024-06-14T13:12:43+00:00\",\"breadcrumb\":{\"@id\":\"https:\/\/uniweld.com.br\/essen-cn-39-lti\/#breadcrumb\"},\"inLanguage\":\"pt-BR\",\"potentialAction\":[{\"@type\":\"ReadAction\",\"target\":[\"https:\/\/uniweld.com.br\/essen-cn-39-lti\/\"]}]},{\"@type\":\"BreadcrumbList\",\"@id\":\"https:\/\/uniweld.com.br\/essen-cn-39-lti\/#breadcrumb\",\"itemListElement\":[{\"@type\":\"ListItem\",\"position\":1,\"name\":\"In\u00edcio\",\"item\":\"https:\/\/uniweld.com.br\/\"},{\"@type\":\"ListItem\",\"position\":2,\"name\":\"ESSEN CN 39 LTi\"}]},{\"@type\":\"WebSite\",\"@id\":\"https:\/\/uniweld.com.br\/pt\/#website\",\"url\":\"https:\/\/uniweld.com.br\/pt\/\",\"name\":\"Uniweld\",\"description\":\"Industria e Fabricante de Eletrodos e Arames Tubulares\",\"potentialAction\":[{\"@type\":\"SearchAction\",\"target\":{\"@type\":\"EntryPoint\",\"urlTemplate\":\"https:\/\/uniweld.com.br\/pt\/?s={search_term_string}\"},\"query-input\":\"required name=search_term_string\"}],\"inLanguage\":\"pt-BR\"}]}<\/script>\n<!-- \/ Yoast SEO Premium plugin. -->","yoast_head_json":{"title":"ESSEN CN 39 LTi - Uniweld","robots":{"index":"index","follow":"follow","max-snippet":"max-snippet:-1","max-image-preview":"max-image-preview:large","max-video-preview":"max-video-preview:-1"},"canonical":"https:\/\/uniweld.com.br\/pt\/essen-cn-39-lti\/","og_locale":"pt_BR","og_type":"article","og_title":"ESSEN CN 39 LTi","og_description":"ESSEN CN 39 LTi- AWS 309L-16 Eletrodo especial desenvolvido para a soldagem de a\u00e7os inoxid\u00e1veis altamente resistentes a condi\u00e7\u00f5es severas de corros\u00e3o. Ficha T\u00e9cnica Clique aqui para baixar a ficha t\u00e9cnica Indica\u00e7\u00f5es A\u00e7os; A\u00e7os Fundidos com teor de cromo\/n\u00edquel; Caracter\u00edstica DI\u00c2METRO (mm): COMPRIMENTO (mm): AMPERAGEM (A) : EMBALAGEM (kg): 2,00 300 40 a 70 4,00 [&hellip;]","og_url":"https:\/\/uniweld.com.br\/pt\/essen-cn-39-lti\/","og_site_name":"Uniweld","article_publisher":"https:\/\/www.facebook.com\/uniweldeletrodos","article_modified_time":"2024-06-14T13:12:43+00:00","og_image":[{"url":"https:\/\/uniweld.com.br\/wp-content\/uploads\/2024\/06\/IMG_9618_2-200x300.png"}],"twitter_card":"summary_large_image","twitter_misc":{"Est. tempo de leitura":"1 minuto"},"schema":{"@context":"https:\/\/schema.org","@graph":[{"@type":"WebPage","@id":"https:\/\/uniweld.com.br\/essen-cn-39-lti\/","url":"https:\/\/uniweld.com.br\/essen-cn-39-lti\/","name":"ESSEN CN 39 LTi - Uniweld","isPartOf":{"@id":"https:\/\/uniweld.com.br\/pt\/#website"},"datePublished":"2024-06-14T12:44:48+00:00","dateModified":"2024-06-14T13:12:43+00:00","breadcrumb":{"@id":"https:\/\/uniweld.com.br\/essen-cn-39-lti\/#breadcrumb"},"inLanguage":"pt-BR","potentialAction":[{"@type":"ReadAction","target":["https:\/\/uniweld.com.br\/essen-cn-39-lti\/"]}]},{"@type":"BreadcrumbList","@id":"https:\/\/uniweld.com.br\/essen-cn-39-lti\/#breadcrumb","itemListElement":[{"@type":"ListItem","position":1,"name":"In\u00edcio","item":"https:\/\/uniweld.com.br\/"},{"@type":"ListItem","position":2,"name":"ESSEN CN 39 LTi"}]},{"@type":"WebSite","@id":"https:\/\/uniweld.com.br\/pt\/#website","url":"https:\/\/uniweld.com.br\/pt\/","name":"Uniweld","description":"Industria e Fabricante de Eletrodos e Arames Tubulares","potentialAction":[{"@type":"SearchAction","target":{"@type":"EntryPoint","urlTemplate":"https:\/\/uniweld.com.br\/pt\/?s={search_term_string}"},"query-input":"required name=search_term_string"}],"inLanguage":"pt-BR"}]}},"_links":{"self":[{"href":"https:\/\/uniweld.com.br\/pt\/wp-json\/wp\/v2\/pages\/2801","targetHints":{"allow":["GET"]}}],"collection":[{"href":"https:\/\/uniweld.com.br\/pt\/wp-json\/wp\/v2\/pages"}],"about":[{"href":"https:\/\/uniweld.com.br\/pt\/wp-json\/wp\/v2\/types\/page"}],"author":[{"embeddable":true,"href":"https:\/\/uniweld.com.br\/pt\/wp-json\/wp\/v2\/users\/1"}],"replies":[{"embeddable":true,"href":"https:\/\/uniweld.com.br\/pt\/wp-json\/wp\/v2\/comments?post=2801"}],"version-history":[{"count":13,"href":"https:\/\/uniweld.com.br\/pt\/wp-json\/wp\/v2\/pages\/2801\/revisions"}],"predecessor-version":[{"id":2816,"href":"https:\/\/uniweld.com.br\/pt\/wp-json\/wp\/v2\/pages\/2801\/revisions\/2816"}],"wp:attachment":[{"href":"https:\/\/uniweld.com.br\/pt\/wp-json\/wp\/v2\/media?parent=2801"}],"curies":[{"name":"wp","href":"https:\/\/api.w.org\/{rel}","templated":true}]}}