{"id":3406,"date":"2024-06-18T15:24:42","date_gmt":"2024-06-18T18:24:42","guid":{"rendered":"https:\/\/mediumturquoise-llama-533337.hostingersite.com\/?page_id=3406"},"modified":"2024-06-18T15:26:04","modified_gmt":"2024-06-18T18:26:04","slug":"essen-810","status":"publish","type":"page","link":"https:\/\/uniweld.com.br\/pt\/essen-810\/","title":{"rendered":"ESSEN 810"},"content":{"rendered":"\t\t<div data-elementor-type=\"wp-page\" data-elementor-id=\"3406\" class=\"elementor elementor-3406\" data-elementor-post-type=\"page\">\n\t\t\t\t\t\t\t\t\t<section class=\"elementor-section elementor-top-section elementor-element elementor-element-7ce025be elementor-section-boxed elementor-section-height-default elementor-section-height-default tf-sticky-section tf-sticky-no\" data-id=\"7ce025be\" data-element_type=\"section\" data-settings=\"{&quot;tf_sticky&quot;:&quot;no&quot;}\">\n\t\t\t\t\t\t<div class=\"elementor-container elementor-column-gap-default\">\n\t\t\t\t\t<div class=\"elementor-column elementor-col-100 elementor-top-column elementor-element elementor-element-46461e97\" data-id=\"46461e97\" data-element_type=\"column\">\n\t\t\t<div class=\"elementor-widget-wrap elementor-element-populated\">\n\t\t\t\t\t\t\t\t<div class=\"elementor-element elementor-element-40595e3c elementor-widget elementor-widget-text-editor\" data-id=\"40595e3c\" data-element_type=\"widget\" data-widget_type=\"text-editor.default\">\n\t\t\t\t<div class=\"elementor-widget-container\">\n\t\t\t<style>\/*! elementor - v3.14.0 - 26-06-2023 *\/\n.elementor-widget-text-editor.elementor-drop-cap-view-stacked .elementor-drop-cap{background-color:#69727d;color:#fff}.elementor-widget-text-editor.elementor-drop-cap-view-framed .elementor-drop-cap{color:#69727d;border:3px solid;background-color:transparent}.elementor-widget-text-editor:not(.elementor-drop-cap-view-default) .elementor-drop-cap{margin-top:8px}.elementor-widget-text-editor:not(.elementor-drop-cap-view-default) .elementor-drop-cap-letter{width:1em;height:1em}.elementor-widget-text-editor .elementor-drop-cap{float:left;text-align:center;line-height:1;font-size:50px}.elementor-widget-text-editor .elementor-drop-cap-letter{display:inline-block}<\/style>\t\t\t\t<p><!-- wp:heading --><\/p>\n<h2>ESSEN 800 &#8211; PRODUTO ESPECIAL<\/h2>\n<p><!-- \/wp:heading --><!-- wp:paragraph --><\/p>\n<p>Eletrodo especialmente indicado para o tratamento de superf\u00edcie dos rolos de moendas nas usinas de cana de a\u00e7\u00facar e \u00e1lcool. A aplica\u00e7\u00e3o deste material resulta em um aumento significativo no rendimento da produ\u00e7\u00e3o, superando as perdas de trabalho associadas. O principal objetivo \u00e9 otimizar a produ\u00e7\u00e3o, tornando os rolos mais \u00e1speros e, assim, promovendo a redu\u00e7\u00e3o da umidade e da porcentagem de sacarose residual. A efic\u00e1cia do eletrodo \u00e9 not\u00e1vel, evidenciada pela queda significativa na porcentagem de sacarose residual, passando de 5 para 2. Esta melhoria representa uma economia substancial por tonelada de cana mo\u00edda, gra\u00e7as \u00e0 redu\u00e7\u00e3o do deslizamento da cana e ao m\u00e1ximo aproveitamento do baga\u00e7o. Este eletrodo especial, com elevado teor de cromo, \u00e9 particularmente recomendado para o revestimento dos frisos dos rolos de moendas. Sua aplica\u00e7\u00e3o pode ocorrer enquanto os rolos est\u00e3o em opera\u00e7\u00e3o, proporcionando maior economia e rendimento, sem a necessidade de interrup\u00e7\u00e3o para a aplica\u00e7\u00e3o do material. Este processo pode ser realizado at\u00e9 30% do desgaste do rolo. Durante a aplica\u00e7\u00e3o, o eletrodo deposita cromo em gl\u00f3bulos met\u00e1licos nos frisos, conferindo-lhes uma textura \u00e1spera e altamente rugosa. Essa caracter\u00edstica, combinada com a adi\u00e7\u00e3o\u00a0 de carbonetos de cromo, confere resist\u00eancia elevada \u00e0 abras\u00e3o, corros\u00e3o e impacto gerado pelo processo de moagem da cana. Al\u00e9m disso, destaca-se a capacidade do eletrodo de manter suas propriedades de revestimento mesmo em baixas amperagens.<\/p>\n<p><!-- \/wp:paragraph --><!-- wp:heading --><\/p>\n<h2>Ficha T\u00e9cnica<\/h2>\n<p>Clique <a href=\"https:\/\/uniweld.com.br\/wp-content\/uploads\/2024\/06\/Ficha-Tecnica-ESSEN-810-CHAPISCO.pdf\"><strong>aqui<\/strong><\/a> para baixar a ficha t\u00e9cnica<\/p>\n<h2>Indica\u00e7\u00f5es<\/h2>\n<ul>\n<li>Rolos de moenda em Usinas de A\u00e7\u00facar e \u00c1lcool<\/li>\n<\/ul>\n<h2>Caracter\u00edstica<\/h2>\n<p><!-- \/wp:paragraph --><\/p>\t\t\t\t\t\t<\/div>\n\t\t\t\t<\/div>\n\t\t\t\t\t<\/div>\n\t\t<\/div>\n\t\t\t\t\t\t\t<\/div>\n\t\t<\/section>\n\t\t\t\t<section class=\"elementor-section elementor-top-section elementor-element elementor-element-e7d2be5 elementor-section-boxed elementor-section-height-default elementor-section-height-default tf-sticky-section tf-sticky-no\" data-id=\"e7d2be5\" data-element_type=\"section\" data-settings=\"{&quot;tf_sticky&quot;:&quot;no&quot;}\">\n\t\t\t\t\t\t<div class=\"elementor-container elementor-column-gap-default\">\n\t\t\t\t\t<div class=\"elementor-column elementor-col-100 elementor-top-column elementor-element elementor-element-a281fa1\" data-id=\"a281fa1\" data-element_type=\"column\">\n\t\t\t<div class=\"elementor-widget-wrap elementor-element-populated\">\n\t\t\t\t\t\t\t\t<div class=\"elementor-element elementor-element-9be8b5c elementor-widget elementor-widget-html\" data-id=\"9be8b5c\" data-element_type=\"widget\" data-widget_type=\"html.default\">\n\t\t\t\t<div class=\"elementor-widget-container\">\n\t\t\t<table class=\"rTable\" width: 100%;>\r\n        <thead>\r\n            <tr>\r\n                <th>DI\u00c2METRO (mm):<\/th>\r\n                <th>COMPRIMENTO (mm):<\/th>\r\n                <th>AMPERAGEM (A) :<\/th>\r\n                <th>EMBALAGEM (kg):<\/th>\r\n            <\/tr>\r\n        <\/thead>\r\n\r\n        <tbody>\r\n            <tr>\r\n                <td>3,25<\/td>\r\n                <td>350<\/td>\r\n                <td>100 a 140<\/td>\r\n                <td>15,00<\/td>\r\n            <\/tr>\r\n\r\n            <tr>\r\n                <td>4,00<\/td>\r\n                <td>450 <\/td>\r\n                <td>140 a 180<\/td>\r\n                <td>20,00<\/td>\r\n            <\/tr>\r\n            <tr>\r\n                <td>5,00<\/td>\r\n                <td>450<\/td>\r\n                <td>170 a 210<\/td>\r\n                <td>20,00<\/td>\r\n            <\/tr>\r\n<tr>\r\n                <td>6,00<\/td>\r\n                <td>450<\/td>\r\n                <td>200 a 250<\/td>\r\n                <td>20,00<\/td>\r\n            <\/tr>\r\n        <\/tbody>\r\n    <\/table>\t\t<\/div>\n\t\t\t\t<\/div>\n\t\t\t\t\t<\/div>\n\t\t<\/div>\n\t\t\t\t\t\t\t<\/div>\n\t\t<\/section>\n\t\t\t\t\t\t\t<\/div>\n\t\t","protected":false},"excerpt":{"rendered":"<p>ESSEN 800 &#8211; PRODUTO ESPECIAL Eletrodo especialmente indicado para o tratamento de superf\u00edcie dos rolos de moendas nas usinas de cana de a\u00e7\u00facar e \u00e1lcool. A aplica\u00e7\u00e3o deste material resulta em um aumento significativo no rendimento da produ\u00e7\u00e3o, superando as perdas de trabalho associadas. O principal objetivo \u00e9 otimizar a produ\u00e7\u00e3o, tornando os rolos mais [&hellip;]<\/p>\n","protected":false},"author":1,"featured_media":0,"parent":0,"menu_order":0,"comment_status":"closed","ping_status":"closed","template":"","meta":{"om_disable_all_campaigns":false,"_monsterinsights_skip_tracking":false,"_monsterinsights_sitenote_active":false,"_monsterinsights_sitenote_note":"","_monsterinsights_sitenote_category":0,"footnotes":""},"class_list":["post-3406","page","type-page","status-publish","hentry"],"yoast_head":"<!-- This site is optimized with the Yoast SEO Premium plugin v19.1 (Yoast SEO v20.11) - https:\/\/yoast.com\/wordpress\/plugins\/seo\/ -->\n<title>ESSEN 810 - Uniweld<\/title>\n<meta name=\"robots\" content=\"index, follow, max-snippet:-1, max-image-preview:large, max-video-preview:-1\" \/>\n<link rel=\"canonical\" href=\"https:\/\/uniweld.com.br\/pt\/essen-810\/\" \/>\n<meta property=\"og:locale\" content=\"pt_BR\" \/>\n<meta property=\"og:type\" content=\"article\" \/>\n<meta property=\"og:title\" content=\"ESSEN 810\" \/>\n<meta property=\"og:description\" content=\"ESSEN 800 &#8211; PRODUTO ESPECIAL Eletrodo especialmente indicado para o tratamento de superf\u00edcie dos rolos de moendas nas usinas de cana de a\u00e7\u00facar e \u00e1lcool. A aplica\u00e7\u00e3o deste material resulta em um aumento significativo no rendimento da produ\u00e7\u00e3o, superando as perdas de trabalho associadas. O principal objetivo \u00e9 otimizar a produ\u00e7\u00e3o, tornando os rolos mais [&hellip;]\" \/>\n<meta property=\"og:url\" content=\"https:\/\/uniweld.com.br\/pt\/essen-810\/\" \/>\n<meta property=\"og:site_name\" content=\"Uniweld\" \/>\n<meta property=\"article:publisher\" content=\"https:\/\/www.facebook.com\/uniweldeletrodos\" \/>\n<meta property=\"article:modified_time\" content=\"2024-06-18T18:26:04+00:00\" \/>\n<meta name=\"twitter:card\" content=\"summary_large_image\" \/>\n<meta name=\"twitter:label1\" content=\"Est. tempo de leitura\" \/>\n\t<meta name=\"twitter:data1\" content=\"2 minutos\" \/>\n<script type=\"application\/ld+json\" class=\"yoast-schema-graph\">{\"@context\":\"https:\/\/schema.org\",\"@graph\":[{\"@type\":\"WebPage\",\"@id\":\"https:\/\/uniweld.com.br\/essen-810\/\",\"url\":\"https:\/\/uniweld.com.br\/essen-810\/\",\"name\":\"ESSEN 810 - Uniweld\",\"isPartOf\":{\"@id\":\"https:\/\/uniweld.com.br\/pt\/#website\"},\"datePublished\":\"2024-06-18T18:24:42+00:00\",\"dateModified\":\"2024-06-18T18:26:04+00:00\",\"breadcrumb\":{\"@id\":\"https:\/\/uniweld.com.br\/essen-810\/#breadcrumb\"},\"inLanguage\":\"pt-BR\",\"potentialAction\":[{\"@type\":\"ReadAction\",\"target\":[\"https:\/\/uniweld.com.br\/essen-810\/\"]}]},{\"@type\":\"BreadcrumbList\",\"@id\":\"https:\/\/uniweld.com.br\/essen-810\/#breadcrumb\",\"itemListElement\":[{\"@type\":\"ListItem\",\"position\":1,\"name\":\"In\u00edcio\",\"item\":\"https:\/\/uniweld.com.br\/\"},{\"@type\":\"ListItem\",\"position\":2,\"name\":\"ESSEN 810\"}]},{\"@type\":\"WebSite\",\"@id\":\"https:\/\/uniweld.com.br\/pt\/#website\",\"url\":\"https:\/\/uniweld.com.br\/pt\/\",\"name\":\"Uniweld\",\"description\":\"Industria e Fabricante de Eletrodos e Arames Tubulares\",\"potentialAction\":[{\"@type\":\"SearchAction\",\"target\":{\"@type\":\"EntryPoint\",\"urlTemplate\":\"https:\/\/uniweld.com.br\/pt\/?s={search_term_string}\"},\"query-input\":\"required name=search_term_string\"}],\"inLanguage\":\"pt-BR\"}]}<\/script>\n<!-- \/ Yoast SEO Premium plugin. -->","yoast_head_json":{"title":"ESSEN 810 - Uniweld","robots":{"index":"index","follow":"follow","max-snippet":"max-snippet:-1","max-image-preview":"max-image-preview:large","max-video-preview":"max-video-preview:-1"},"canonical":"https:\/\/uniweld.com.br\/pt\/essen-810\/","og_locale":"pt_BR","og_type":"article","og_title":"ESSEN 810","og_description":"ESSEN 800 &#8211; PRODUTO ESPECIAL Eletrodo especialmente indicado para o tratamento de superf\u00edcie dos rolos de moendas nas usinas de cana de a\u00e7\u00facar e \u00e1lcool. A aplica\u00e7\u00e3o deste material resulta em um aumento significativo no rendimento da produ\u00e7\u00e3o, superando as perdas de trabalho associadas. O principal objetivo \u00e9 otimizar a produ\u00e7\u00e3o, tornando os rolos mais [&hellip;]","og_url":"https:\/\/uniweld.com.br\/pt\/essen-810\/","og_site_name":"Uniweld","article_publisher":"https:\/\/www.facebook.com\/uniweldeletrodos","article_modified_time":"2024-06-18T18:26:04+00:00","twitter_card":"summary_large_image","twitter_misc":{"Est. tempo de leitura":"2 minutos"},"schema":{"@context":"https:\/\/schema.org","@graph":[{"@type":"WebPage","@id":"https:\/\/uniweld.com.br\/essen-810\/","url":"https:\/\/uniweld.com.br\/essen-810\/","name":"ESSEN 810 - Uniweld","isPartOf":{"@id":"https:\/\/uniweld.com.br\/pt\/#website"},"datePublished":"2024-06-18T18:24:42+00:00","dateModified":"2024-06-18T18:26:04+00:00","breadcrumb":{"@id":"https:\/\/uniweld.com.br\/essen-810\/#breadcrumb"},"inLanguage":"pt-BR","potentialAction":[{"@type":"ReadAction","target":["https:\/\/uniweld.com.br\/essen-810\/"]}]},{"@type":"BreadcrumbList","@id":"https:\/\/uniweld.com.br\/essen-810\/#breadcrumb","itemListElement":[{"@type":"ListItem","position":1,"name":"In\u00edcio","item":"https:\/\/uniweld.com.br\/"},{"@type":"ListItem","position":2,"name":"ESSEN 810"}]},{"@type":"WebSite","@id":"https:\/\/uniweld.com.br\/pt\/#website","url":"https:\/\/uniweld.com.br\/pt\/","name":"Uniweld","description":"Industria e Fabricante de Eletrodos e Arames Tubulares","potentialAction":[{"@type":"SearchAction","target":{"@type":"EntryPoint","urlTemplate":"https:\/\/uniweld.com.br\/pt\/?s={search_term_string}"},"query-input":"required name=search_term_string"}],"inLanguage":"pt-BR"}]}},"_links":{"self":[{"href":"https:\/\/uniweld.com.br\/pt\/wp-json\/wp\/v2\/pages\/3406","targetHints":{"allow":["GET"]}}],"collection":[{"href":"https:\/\/uniweld.com.br\/pt\/wp-json\/wp\/v2\/pages"}],"about":[{"href":"https:\/\/uniweld.com.br\/pt\/wp-json\/wp\/v2\/types\/page"}],"author":[{"embeddable":true,"href":"https:\/\/uniweld.com.br\/pt\/wp-json\/wp\/v2\/users\/1"}],"replies":[{"embeddable":true,"href":"https:\/\/uniweld.com.br\/pt\/wp-json\/wp\/v2\/comments?post=3406"}],"version-history":[{"count":5,"href":"https:\/\/uniweld.com.br\/pt\/wp-json\/wp\/v2\/pages\/3406\/revisions"}],"predecessor-version":[{"id":3412,"href":"https:\/\/uniweld.com.br\/pt\/wp-json\/wp\/v2\/pages\/3406\/revisions\/3412"}],"wp:attachment":[{"href":"https:\/\/uniweld.com.br\/pt\/wp-json\/wp\/v2\/media?parent=3406"}],"curies":[{"name":"wp","href":"https:\/\/api.w.org\/{rel}","templated":true}]}}