{"id":3742,"date":"2024-06-21T08:30:23","date_gmt":"2024-06-21T11:30:23","guid":{"rendered":"https:\/\/mediumturquoise-llama-533337.hostingersite.com\/?page_id=3742"},"modified":"2024-06-21T08:37:09","modified_gmt":"2024-06-21T11:37:09","slug":"essen-ag-615","status":"publish","type":"page","link":"https:\/\/uniweld.com.br\/pt\/essen-ag-615\/","title":{"rendered":"ESSEN AG 615"},"content":{"rendered":"\t\t<div data-elementor-type=\"wp-page\" data-elementor-id=\"3742\" class=\"elementor elementor-3742\" data-elementor-post-type=\"page\">\n\t\t\t\t\t\t\t\t\t<section class=\"elementor-section elementor-top-section elementor-element elementor-element-7ce025be elementor-section-boxed elementor-section-height-default elementor-section-height-default tf-sticky-section tf-sticky-no\" data-id=\"7ce025be\" data-element_type=\"section\" data-settings=\"{&quot;tf_sticky&quot;:&quot;no&quot;}\">\n\t\t\t\t\t\t<div class=\"elementor-container elementor-column-gap-default\">\n\t\t\t\t\t<div class=\"elementor-column elementor-col-100 elementor-top-column elementor-element elementor-element-46461e97\" data-id=\"46461e97\" data-element_type=\"column\">\n\t\t\t<div class=\"elementor-widget-wrap elementor-element-populated\">\n\t\t\t\t\t\t\t\t<div class=\"elementor-element elementor-element-40595e3c elementor-widget elementor-widget-text-editor\" data-id=\"40595e3c\" data-element_type=\"widget\" data-widget_type=\"text-editor.default\">\n\t\t\t\t<div class=\"elementor-widget-container\">\n\t\t\t<style>\/*! elementor - v3.14.0 - 26-06-2023 *\/\n.elementor-widget-text-editor.elementor-drop-cap-view-stacked .elementor-drop-cap{background-color:#69727d;color:#fff}.elementor-widget-text-editor.elementor-drop-cap-view-framed .elementor-drop-cap{color:#69727d;border:3px solid;background-color:transparent}.elementor-widget-text-editor:not(.elementor-drop-cap-view-default) .elementor-drop-cap{margin-top:8px}.elementor-widget-text-editor:not(.elementor-drop-cap-view-default) .elementor-drop-cap-letter{width:1em;height:1em}.elementor-widget-text-editor .elementor-drop-cap{float:left;text-align:center;line-height:1;font-size:50px}.elementor-widget-text-editor .elementor-drop-cap-letter{display:inline-block}<\/style>\t\t\t\t<p><!-- wp:heading --><\/p>\n<h2>ESSEN AG 615 &#8211; PRODUTO ESPECIAL<\/h2>\n<p><!-- \/wp:heading --><!-- wp:paragraph --><\/p>\n<p>\u00c9 uma vareta especial a base de prata, para brasagem de materiais ferrosos e n\u00e3o ferrosos, fazer a utiliza\u00e7\u00e3o de fluxo, com elevada capilaridade a brasagem a baixa temperatura. Em geral, aten\u00e7\u00e3o ligas que contem c\u00e1dmio n\u00e3o devem ser utilizados em tubula\u00e7\u00f5es ou quaisquer o transporte de armazenamento que entrar\u00e3o em contato com produtos aliment\u00edcios.\u00a0<\/p>\n<p><!-- \/wp:paragraph --><!-- wp:heading --><\/p>\n<h2>Ficha T\u00e9cnica<\/h2>\n<p>Clique <a href=\"https:\/\/uniweld.com.br\/wp-content\/uploads\/2024\/06\/Ficha-Tecnica-ESSEN-AG-615.pdf\"><strong>aqui<\/strong><\/a> para baixar a ficha t\u00e9cnica<\/p>\n<h2>Indica\u00e7\u00f5es<\/h2>\n<ul>\n<li>A\u00e7o;<\/li>\n<li>A\u00e7o Cromo;<\/li>\n<li>A\u00e7o inoxid\u00e1vel;<\/li>\n<li>N\u00edquel;<\/li>\n<li>Alpaca;<\/li>\n<li>Tomback;<\/li>\n<li>Kanthal;<\/li>\n<li>Cobre;<\/li>\n<li>Lat\u00e3o;<\/li>\n<li>Bronze alum\u00ednio;<\/li>\n<li>Prata;<\/li>\n<li>Ouro;<\/li>\n<li>Diamante;<\/li>\n<li>Ind\u00fastrias eletr\u00f4nica;<\/li>\n<li>Refrigera\u00e7\u00e3o;<\/li>\n<li>Equipamentos hospitalares;<\/li>\n<li>Tubos de cobre;<\/li>\n<li>Ar condicionado;<\/li>\n<\/ul>\n<h2>Caracter\u00edstica<\/h2>\n<p><!-- \/wp:paragraph --><\/p>\t\t\t\t\t\t<\/div>\n\t\t\t\t<\/div>\n\t\t\t\t\t<\/div>\n\t\t<\/div>\n\t\t\t\t\t\t\t<\/div>\n\t\t<\/section>\n\t\t\t\t<section class=\"elementor-section elementor-top-section elementor-element elementor-element-e7d2be5 elementor-section-boxed elementor-section-height-default elementor-section-height-default tf-sticky-section tf-sticky-no\" data-id=\"e7d2be5\" data-element_type=\"section\" data-settings=\"{&quot;tf_sticky&quot;:&quot;no&quot;}\">\n\t\t\t\t\t\t<div class=\"elementor-container elementor-column-gap-default\">\n\t\t\t\t\t<div class=\"elementor-column elementor-col-100 elementor-top-column elementor-element elementor-element-a281fa1\" data-id=\"a281fa1\" data-element_type=\"column\">\n\t\t\t<div class=\"elementor-widget-wrap elementor-element-populated\">\n\t\t\t\t\t\t\t\t<div class=\"elementor-element elementor-element-9be8b5c elementor-widget elementor-widget-html\" data-id=\"9be8b5c\" data-element_type=\"widget\" data-widget_type=\"html.default\">\n\t\t\t\t<div class=\"elementor-widget-container\">\n\t\t\t<table class=\"rTable\" width: 100%;>\r\n        <thead>\r\n            <tr>\r\n                <th>DI\u00c2METRO (mm):<\/th>\r\n                <th>COMPRIMENTO (mm):<\/th>\r\n                <th>EMBALAGEM (kg):<\/th>\r\n            <\/tr>\r\n        <\/thead>\r\n\r\n        <tbody>\r\n            <tr>\r\n                <td>1,00<\/td>\r\n                <td>500<\/td>\r\n                <td>1,00<\/td>\r\n            <\/tr>\r\n\r\n            <tr>\r\n                <td>1,20<\/td>\r\n                <td>500<\/td>\r\n                <td>1,00<\/td>\r\n            <\/tr>\r\n            <tr>\r\n                <td>1,60<\/td>\r\n                <td>500<\/td>\r\n                <td>1,00<\/td>\r\n            <\/tr>\r\n<tr>\r\n                <td>0,80 (carretel)<\/td>\r\n                <td>-<\/td>\r\n                <td>1,00<\/td>\r\n            <\/tr>\r\n            <tr>\r\n                <td>0,80 (carretel)<\/td>\r\n                <td>-<\/td>\r\n                <td>1,00<\/td>\r\n            <\/tr>\r\n\r\n        <\/tbody>\r\n    <\/table>\t\t<\/div>\n\t\t\t\t<\/div>\n\t\t\t\t\t<\/div>\n\t\t<\/div>\n\t\t\t\t\t\t\t<\/div>\n\t\t<\/section>\n\t\t\t\t\t\t\t<\/div>\n\t\t","protected":false},"excerpt":{"rendered":"<p>ESSEN AG 615 &#8211; PRODUTO ESPECIAL \u00c9 uma vareta especial a base de prata, para brasagem de materiais ferrosos e n\u00e3o ferrosos, fazer a utiliza\u00e7\u00e3o de fluxo, com elevada capilaridade a brasagem a baixa temperatura. Em geral, aten\u00e7\u00e3o ligas que contem c\u00e1dmio n\u00e3o devem ser utilizados em tubula\u00e7\u00f5es ou quaisquer o transporte de armazenamento que [&hellip;]<\/p>\n","protected":false},"author":1,"featured_media":0,"parent":0,"menu_order":0,"comment_status":"closed","ping_status":"closed","template":"","meta":{"om_disable_all_campaigns":false,"_monsterinsights_skip_tracking":false,"_monsterinsights_sitenote_active":false,"_monsterinsights_sitenote_note":"","_monsterinsights_sitenote_category":0,"footnotes":""},"class_list":["post-3742","page","type-page","status-publish","hentry"],"yoast_head":"<!-- This site is optimized with the Yoast SEO Premium plugin v19.1 (Yoast SEO v20.11) - https:\/\/yoast.com\/wordpress\/plugins\/seo\/ -->\n<title>ESSEN AG 615 - Uniweld<\/title>\n<meta name=\"robots\" content=\"index, follow, max-snippet:-1, max-image-preview:large, max-video-preview:-1\" \/>\n<link rel=\"canonical\" href=\"https:\/\/uniweld.com.br\/pt\/essen-ag-615\/\" \/>\n<meta property=\"og:locale\" content=\"pt_BR\" \/>\n<meta property=\"og:type\" content=\"article\" \/>\n<meta property=\"og:title\" content=\"ESSEN AG 615\" \/>\n<meta property=\"og:description\" content=\"ESSEN AG 615 &#8211; PRODUTO ESPECIAL \u00c9 uma vareta especial a base de prata, para brasagem de materiais ferrosos e n\u00e3o ferrosos, fazer a utiliza\u00e7\u00e3o de fluxo, com elevada capilaridade a brasagem a baixa temperatura. Em geral, aten\u00e7\u00e3o ligas que contem c\u00e1dmio n\u00e3o devem ser utilizados em tubula\u00e7\u00f5es ou quaisquer o transporte de armazenamento que [&hellip;]\" \/>\n<meta property=\"og:url\" content=\"https:\/\/uniweld.com.br\/pt\/essen-ag-615\/\" \/>\n<meta property=\"og:site_name\" content=\"Uniweld\" \/>\n<meta property=\"article:publisher\" content=\"https:\/\/www.facebook.com\/uniweldeletrodos\" \/>\n<meta property=\"article:modified_time\" content=\"2024-06-21T11:37:09+00:00\" \/>\n<meta name=\"twitter:card\" content=\"summary_large_image\" \/>\n<meta name=\"twitter:label1\" content=\"Est. tempo de leitura\" \/>\n\t<meta name=\"twitter:data1\" content=\"1 minuto\" \/>\n<script type=\"application\/ld+json\" class=\"yoast-schema-graph\">{\"@context\":\"https:\/\/schema.org\",\"@graph\":[{\"@type\":\"WebPage\",\"@id\":\"https:\/\/uniweld.com.br\/essen-ag-615\/\",\"url\":\"https:\/\/uniweld.com.br\/essen-ag-615\/\",\"name\":\"ESSEN AG 615 - Uniweld\",\"isPartOf\":{\"@id\":\"https:\/\/uniweld.com.br\/pt\/#website\"},\"datePublished\":\"2024-06-21T11:30:23+00:00\",\"dateModified\":\"2024-06-21T11:37:09+00:00\",\"breadcrumb\":{\"@id\":\"https:\/\/uniweld.com.br\/essen-ag-615\/#breadcrumb\"},\"inLanguage\":\"pt-BR\",\"potentialAction\":[{\"@type\":\"ReadAction\",\"target\":[\"https:\/\/uniweld.com.br\/essen-ag-615\/\"]}]},{\"@type\":\"BreadcrumbList\",\"@id\":\"https:\/\/uniweld.com.br\/essen-ag-615\/#breadcrumb\",\"itemListElement\":[{\"@type\":\"ListItem\",\"position\":1,\"name\":\"In\u00edcio\",\"item\":\"https:\/\/uniweld.com.br\/\"},{\"@type\":\"ListItem\",\"position\":2,\"name\":\"ESSEN AG 615\"}]},{\"@type\":\"WebSite\",\"@id\":\"https:\/\/uniweld.com.br\/pt\/#website\",\"url\":\"https:\/\/uniweld.com.br\/pt\/\",\"name\":\"Uniweld\",\"description\":\"Industria e Fabricante de Eletrodos e Arames Tubulares\",\"potentialAction\":[{\"@type\":\"SearchAction\",\"target\":{\"@type\":\"EntryPoint\",\"urlTemplate\":\"https:\/\/uniweld.com.br\/pt\/?s={search_term_string}\"},\"query-input\":\"required name=search_term_string\"}],\"inLanguage\":\"pt-BR\"}]}<\/script>\n<!-- \/ Yoast SEO Premium plugin. -->","yoast_head_json":{"title":"ESSEN AG 615 - Uniweld","robots":{"index":"index","follow":"follow","max-snippet":"max-snippet:-1","max-image-preview":"max-image-preview:large","max-video-preview":"max-video-preview:-1"},"canonical":"https:\/\/uniweld.com.br\/pt\/essen-ag-615\/","og_locale":"pt_BR","og_type":"article","og_title":"ESSEN AG 615","og_description":"ESSEN AG 615 &#8211; PRODUTO ESPECIAL \u00c9 uma vareta especial a base de prata, para brasagem de materiais ferrosos e n\u00e3o ferrosos, fazer a utiliza\u00e7\u00e3o de fluxo, com elevada capilaridade a brasagem a baixa temperatura. Em geral, aten\u00e7\u00e3o ligas que contem c\u00e1dmio n\u00e3o devem ser utilizados em tubula\u00e7\u00f5es ou quaisquer o transporte de armazenamento que [&hellip;]","og_url":"https:\/\/uniweld.com.br\/pt\/essen-ag-615\/","og_site_name":"Uniweld","article_publisher":"https:\/\/www.facebook.com\/uniweldeletrodos","article_modified_time":"2024-06-21T11:37:09+00:00","twitter_card":"summary_large_image","twitter_misc":{"Est. tempo de leitura":"1 minuto"},"schema":{"@context":"https:\/\/schema.org","@graph":[{"@type":"WebPage","@id":"https:\/\/uniweld.com.br\/essen-ag-615\/","url":"https:\/\/uniweld.com.br\/essen-ag-615\/","name":"ESSEN AG 615 - Uniweld","isPartOf":{"@id":"https:\/\/uniweld.com.br\/pt\/#website"},"datePublished":"2024-06-21T11:30:23+00:00","dateModified":"2024-06-21T11:37:09+00:00","breadcrumb":{"@id":"https:\/\/uniweld.com.br\/essen-ag-615\/#breadcrumb"},"inLanguage":"pt-BR","potentialAction":[{"@type":"ReadAction","target":["https:\/\/uniweld.com.br\/essen-ag-615\/"]}]},{"@type":"BreadcrumbList","@id":"https:\/\/uniweld.com.br\/essen-ag-615\/#breadcrumb","itemListElement":[{"@type":"ListItem","position":1,"name":"In\u00edcio","item":"https:\/\/uniweld.com.br\/"},{"@type":"ListItem","position":2,"name":"ESSEN AG 615"}]},{"@type":"WebSite","@id":"https:\/\/uniweld.com.br\/pt\/#website","url":"https:\/\/uniweld.com.br\/pt\/","name":"Uniweld","description":"Industria e Fabricante de Eletrodos e Arames Tubulares","potentialAction":[{"@type":"SearchAction","target":{"@type":"EntryPoint","urlTemplate":"https:\/\/uniweld.com.br\/pt\/?s={search_term_string}"},"query-input":"required name=search_term_string"}],"inLanguage":"pt-BR"}]}},"_links":{"self":[{"href":"https:\/\/uniweld.com.br\/pt\/wp-json\/wp\/v2\/pages\/3742","targetHints":{"allow":["GET"]}}],"collection":[{"href":"https:\/\/uniweld.com.br\/pt\/wp-json\/wp\/v2\/pages"}],"about":[{"href":"https:\/\/uniweld.com.br\/pt\/wp-json\/wp\/v2\/types\/page"}],"author":[{"embeddable":true,"href":"https:\/\/uniweld.com.br\/pt\/wp-json\/wp\/v2\/users\/1"}],"replies":[{"embeddable":true,"href":"https:\/\/uniweld.com.br\/pt\/wp-json\/wp\/v2\/comments?post=3742"}],"version-history":[{"count":4,"href":"https:\/\/uniweld.com.br\/pt\/wp-json\/wp\/v2\/pages\/3742\/revisions"}],"predecessor-version":[{"id":3747,"href":"https:\/\/uniweld.com.br\/pt\/wp-json\/wp\/v2\/pages\/3742\/revisions\/3747"}],"wp:attachment":[{"href":"https:\/\/uniweld.com.br\/pt\/wp-json\/wp\/v2\/media?parent=3742"}],"curies":[{"name":"wp","href":"https:\/\/api.w.org\/{rel}","templated":true}]}}